{"id":12758,"date":"2018-01-31T11:17:48","date_gmt":"2018-01-31T11:17:48","guid":{"rendered":"https:\/\/www.borgoargiano.com\/hochzeiten\/"},"modified":"2018-08-14T09:56:31","modified_gmt":"2018-08-14T08:56:31","slug":"hochzeiten","status":"publish","type":"page","link":"https:\/\/www.borgoargiano.com\/de\/hochzeiten\/","title":{"rendered":"Hochzeiten"},"content":{"rendered":"<div class=\"wpb-content-wrapper\"><p>[vc_row][vc_column width=&#8220;1\/12&#8243;][\/vc_column][vc_column offset=&#8220;vc_col-lg-10 vc_col-md-10 vc_col-xs-12&#8243;][vc_custom_heading text=&#8220;Borgo Argiano ist eine perfekte Hochzeitslocation. Dabei k\u00f6nnen wir Ihnen ein Komplettangebot mit Full-Service bieten oder als Veranstaltungsort f\u00fcr Ihren eigenen Hochzeitsplaner dienen. &#8220; font_container=&#8220;tag:h3|text_align:center|color:%235a292d&#8220; google_fonts=&#8220;font_family:Playfair%20Display%3Aregular%2Citalic%2C700%2C700italic%2C900%2C900italic|font_style:400%20italic%3A400%3Aitalic&#8220; el_class=&#8220;entry-title&#8220;][\/vc_column][vc_column width=&#8220;1\/12&#8243;][\/vc_column][\/vc_row][vc_row full_width=&#8220;stretch_row&#8220; css=&#8220;.vc_custom_1517918210258{background-image: url(https:\/\/www.borgoargiano.com\/wp-content\/uploads\/2018\/02\/weddings-couple-grounds-background.jpg?id=11131) !important;background-position: center !important;background-repeat: no-repeat !important;background-size: cover !important;}&#8220;][vc_column css=&#8220;.vc_custom_1517913744794{padding-top: 40px !important;padding-right: 40px !important;}&#8220; offset=&#8220;vc_col-lg-6 vc_col-md-12 vc_col-xs-12&#8243;][pbr_title_heading title=&#8220;PERFEKTE LAGE &#8220; style=&#8220;style-4&#8243;][vc_custom_heading text=&#8220;F\u00fcr Hochzeiten ist es erforderlich, dass der ganze Weiler gebucht wird, damit Sie die gesamte Immobilie exklusiv nutzen k\u00f6nnen. &#8220; font_container=&#8220;tag:h5|font_size:18px|text_align:left|color:%235a292d|line_height:28px&#8220; google_fonts=&#8220;font_family:Playfair%20Display%3Aregular%2Citalic%2C700%2C700italic%2C900%2C900italic|font_style:400%20italic%3A400%3Aitalic&#8220; css=&#8220;.vc_custom_1517486511943{margin-bottom: 20px !important;}&#8220;][vc_column_text]Mit 11 gro\u00dfen Doppelapartments und der separaten Grand Suite f\u00fcr das Brautpaar bieten wir Ihnen eine luxuri\u00f6se Unterkunft f\u00fcr Familie und Freunde.[\/vc_column_text][\/vc_column][vc_column offset=&#8220;vc_col-lg-6 vc_hidden-md vc_hidden-sm vc_hidden-xs&#8220;][\/vc_column][\/vc_row][vc_row full_width=&#8220;stretch_row_content&#8220; isfullwidth=&#8220;0&#8243;][vc_column offset=&#8220;vc_hidden-lg&#8220;][vc_single_image image=&#8220;11359&#8243; img_size=&#8220;full&#8220; alignment=&#8220;center&#8220; css=&#8220;.vc_custom_1517913891812{margin-bottom: 0px !important;}&#8220;][\/vc_column][\/vc_row][vc_row full_width=&#8220;stretch_row_content&#8220; isfullwidth=&#8220;0&#8243;][vc_column][vc_single_image image=&#8220;11130&#8243; img_size=&#8220;full&#8220; alignment=&#8220;center&#8220; css=&#8220;.vc_custom_1517503126725{margin-bottom: 0px !important;}&#8220;][\/vc_column][\/vc_row][vc_row full_width=&#8220;stretch_row&#8220; css=&#8220;.vc_custom_1517918221822{background-image: url(https:\/\/www.borgoargiano.com\/wp-content\/uploads\/2018\/02\/wedding-chapel-inside-background-2.jpg?id=11286) !important;background-position: center !important;background-repeat: no-repeat !important;background-size: cover !important;}&#8220;][vc_column css=&#8220;.vc_custom_1517913766153{padding-top: 40px !important;padding-right: 40px !important;}&#8220; offset=&#8220;vc_col-lg-6 vc_col-md-12 vc_col-xs-12&#8243;][pbr_title_heading title=&#8220;PRIVATE KAPELLE &#8220; style=&#8220;style-4&#8243;][vc_custom_heading text=&#8220;In der Mitte unseres Weilers befindet sich die k\u00fcrzlich umgebaute Kapelle, in der Sie Ihre Gel\u00fcbde ablegen. Somit haben Sie bei uns die M\u00f6glichkeit, im intimsten Kreise Ihre Hochzeit feiern zu k\u00f6nnen. Von der Grand Suite gelangen Sie \u00fcber einen kurzen Spaziergang durch die Innenh\u00f6fe zur Kapelle. &#8220; font_container=&#8220;tag:h5|font_size:18px|text_align:left|color:%235a292d|line_height:28px&#8220; google_fonts=&#8220;font_family:Playfair%20Display%3Aregular%2Citalic%2C700%2C700italic%2C900%2C900italic|font_style:400%20italic%3A400%3Aitalic&#8220; css=&#8220;.vc_custom_1517822733703{margin-bottom: 20px !important;}&#8220;][vc_column_text]Ihre festliche Mahlzeit k\u00f6nnen Sie im Innenhof oder in der Lounge einnehmen. Gerne stellen wir Ihnen auch ein Zelt auf dem Gel\u00e4nde auf, wenn Sie eine gr\u00f6\u00dfere Anzahl von G\u00e4sten einladen m\u00f6chten, die an anderen Orten in der Umgebung unterkommen.[\/vc_column_text][\/vc_column][vc_column offset=&#8220;vc_col-lg-6 vc_hidden-md vc_hidden-sm vc_hidden-xs&#8220;][\/vc_column][\/vc_row][vc_row full_width=&#8220;stretch_row_content&#8220; isfullwidth=&#8220;0&#8243;][vc_column][vc_single_image image=&#8220;11284&#8243; img_size=&#8220;full&#8220; alignment=&#8220;center&#8220; css=&#8220;.vc_custom_1517823305509{margin-bottom: 0px !important;}&#8220;][\/vc_column][\/vc_row][vc_row full_width=&#8220;stretch_row&#8220; css=&#8220;.vc_custom_1517918229520{background-image: url(https:\/\/www.borgoargiano.com\/wp-content\/uploads\/2018\/02\/weddings-scenary.jpg?id=11135) !important;background-position: center !important;background-repeat: no-repeat !important;background-size: cover !important;}&#8220;][vc_column css=&#8220;.vc_custom_1517913819382{padding-top: 40px !important;padding-right: 40px !important;}&#8220; offset=&#8220;vc_col-lg-6 vc_col-md-12 vc_col-xs-12&#8243;][pbr_title_heading title=&#8220;BEZAUBERNDE KULISSE &#8220; style=&#8220;style-4&#8243;][vc_custom_heading text=&#8220;Das wundersch\u00f6ne Gel\u00e4nde wurde von einem Mitglied der Royal Horticultural Society entworfen und bietet eine beeindruckende Kulisse f\u00fcr Ihr Hochzeitsalbum. Nat\u00fcrlich sind auch unsere Weinberge ein charmanter Hintergrund f\u00fcr Ihre Hochzeitsfotos.&#8220; font_container=&#8220;tag:h5|font_size:18px|text_align:left|color:%235a292d|line_height:28px&#8220; google_fonts=&#8220;font_family:Playfair%20Display%3Aregular%2Citalic%2C700%2C700italic%2C900%2C900italic|font_style:400%20italic%3A400%3Aitalic&#8220; css=&#8220;.vc_custom_1534236988183{margin-bottom: 20px !important;}&#8220;][vc_column_text]Unser Anwesen kann entweder f\u00fcr drei Tage oder f\u00fcr eine ganze Woche gebucht werden, damit Ihre Familie und engsten Freunde die Vorbereitungen zur gro\u00dfen Veranstaltung genie\u00dfen k\u00f6nnen. Sollte das ganze Anwesen gebucht sein, so gilt unsere \u201eKeine Kinder&#8220;-Regel nicht.[\/vc_column_text][\/vc_column][vc_column offset=&#8220;vc_col-lg-6 vc_hidden-md vc_hidden-sm vc_hidden-xs&#8220;][\/vc_column][\/vc_row][vc_row full_width=&#8220;stretch_row_content&#8220; isfullwidth=&#8220;0&#8243;][vc_column offset=&#8220;vc_hidden-lg&#8220;][vc_single_image image=&#8220;11360&#8243; img_size=&#8220;full&#8220; alignment=&#8220;center&#8220; css=&#8220;.vc_custom_1517913908106{margin-bottom: 0px !important;}&#8220;][\/vc_column][\/vc_row][vc_row][vc_column]<p>[vc_row][vc_column width=\"1\/6\"][\/vc_column][vc_column width=\"2\/3\"][vc_empty_space height=\"120px\"][vc_custom_heading text=\"BORGO ARGIANO BOUTIQUE-WEINRESORT\" font_container=\"tag:p|font_size:22px|text_align:center|color:%235a2a2d|line_height:24px\" google_fonts=\"font_family:Playfair%20Display%3Aregular%2Citalic%2C700%2C700italic%2C900%2C900italic|font_style:400%20regular%3A400%3Anormal\"][vc_custom_heading text=\"Ungezwungener Luxus im Herzen der Toskana\" font_container=\"tag:p|font_size:36px|text_align:center|color:%23000000|line_height:46px\" google_fonts=\"font_family:Playfair%20Display%3Aregular%2Citalic%2C700%2C700italic%2C900%2C900italic|font_style:400%20italic%3A400%3Aitalic\" css=\".vc_custom_1534235427226{margin-bottom: 40px !important;}\"][vc_empty_space height=\"20px\"][vc_column_text el_class=\"text-center\"]<a class=\"btn btn-primary btn-md\" href=\"\/?page_id=9705\">ZIMMER ANSEHEN<\/a>[\/vc_column_text][vc_empty_space height=\"120px\"][\/vc_column][vc_column width=\"1\/6\"][\/vc_column][\/vc_row]<\/p>\r\n[\/vc_column][\/vc_row]<\/p>\n<\/div>","protected":false},"excerpt":{"rendered":"<p>[vc_row][vc_column width=&#8220;1\/12&#8243;][\/vc_column][vc_column offset=&#8220;vc_col-lg-10 vc_col-md-10 vc_col-xs-12&#8243;][vc_custom_heading text=&#8220;Borgo Argiano ist eine perfekte Hochzeitslocation. Dabei k\u00f6nnen wir Ihnen ein Komplettangebot mit Full-Service bieten oder als Veranstaltungsort f\u00fcr Ihren eigenen Hochzeitsplaner dienen. &#8220; font_container=&#8220;tag:h3|text_align:center|color:%235a292d&#8220; google_fonts=&#8220;font_family:Playfair%20Display%3Aregular%2Citalic%2C700%2C700italic%2C900%2C900italic|font_style:400%20italic%3A400%3Aitalic&#8220; el_class=&#8220;entry-title&#8220;][\/vc_column][vc_column width=&#8220;1\/12&#8243;][\/vc_column][\/vc_row][vc_row full_width=&#8220;stretch_row&#8220; css=&#8220;.vc_custom_1517918210258{background-image: url(https:\/\/www.borgoargiano.com\/wp-content\/uploads\/2018\/02\/weddings-couple-grounds-background.jpg?id=11131) !important;background-position: center !important;background-repeat: no-repeat !important;background-size: cover !important;}&#8220;][vc_column css=&#8220;.vc_custom_1517913744794{padding-top: 40px !important;padding-right: 40px !important;}&#8220; offset=&#8220;vc_col-lg-6 vc_col-md-12 vc_col-xs-12&#8243;][pbr_title_heading title=&#8220;PERFEKTE LAGE &#8220; style=&#8220;style-4&#8243;][vc_custom_heading &hellip; <a href=\"https:\/\/www.borgoargiano.com\/de\/hochzeiten\/\" class=\"more-link\">Continue reading <span class=\"screen-reader-text\">Hochzeiten<\/span> <span class=\"meta-nav\">&rarr;<\/span><\/a><\/p>\n","protected":false},"author":2,"featured_media":0,"parent":0,"menu_order":0,"comment_status":"closed","ping_status":"closed","template":"","meta":{"footnotes":""},"class_list":["post-12758","page","type-page","status-publish","hentry"],"yoast_head":"<!-- This site is optimized with the Yoast SEO plugin v27.4 - https:\/\/yoast.com\/product\/yoast-seo-wordpress\/ -->\n<title>Borgo Argiano - Hochzeitslocation und Resort in der Toskana<\/title>\n<meta name=\"description\" content=\"Borgo Argiano ist eine perfekte Hochzeitslocation. Wir bieten Ihnen den kompletten Hochzeitsservice. Genie\u00dfen Sie Ihren besonderen Tag in diesem wundersch\u00f6nen Resort, Lesen Sie hier mehr dar\u00fcber...\" \/>\n<meta name=\"robots\" content=\"index, follow, max-snippet:-1, max-image-preview:large, max-video-preview:-1\" \/>\n<link rel=\"canonical\" href=\"https:\/\/www.borgoargiano.com\/de\/hochzeiten\/\" \/>\n<meta property=\"og:locale\" content=\"de_DE\" \/>\n<meta property=\"og:type\" content=\"article\" \/>\n<meta property=\"og:title\" content=\"Borgo Argiano - Hochzeitslocation und Resort in der Toskana\" \/>\n<meta property=\"og:description\" content=\"Borgo Argiano ist eine perfekte Hochzeitslocation. Wir bieten Ihnen den kompletten Hochzeitsservice. Genie\u00dfen Sie Ihren besonderen Tag in diesem wundersch\u00f6nen Resort, Lesen Sie hier mehr dar\u00fcber...\" \/>\n<meta property=\"og:url\" content=\"https:\/\/www.borgoargiano.com\/de\/hochzeiten\/\" \/>\n<meta property=\"og:site_name\" content=\"Borgo Argiano\" \/>\n<meta property=\"article:modified_time\" content=\"2018-08-14T08:56:31+00:00\" \/>\n<meta name=\"twitter:card\" content=\"summary_large_image\" \/>\n<meta name=\"twitter:label1\" content=\"Gesch\u00e4tzte Lesezeit\" \/>\n\t<meta name=\"twitter:data1\" content=\"4\u00a0Minuten\" \/>\n<script type=\"application\/ld+json\" class=\"yoast-schema-graph\">{\"@context\":\"https:\\\/\\\/schema.org\",\"@graph\":[{\"@type\":\"WebPage\",\"@id\":\"https:\\\/\\\/www.borgoargiano.com\\\/de\\\/hochzeiten\\\/\",\"url\":\"https:\\\/\\\/www.borgoargiano.com\\\/de\\\/hochzeiten\\\/\",\"name\":\"Borgo Argiano - Hochzeitslocation und Resort in der Toskana\",\"isPartOf\":{\"@id\":\"https:\\\/\\\/www.borgoargiano.com\\\/en\\\/#website\"},\"datePublished\":\"2018-01-31T11:17:48+00:00\",\"dateModified\":\"2018-08-14T08:56:31+00:00\",\"description\":\"Borgo Argiano ist eine perfekte Hochzeitslocation. Wir bieten Ihnen den kompletten Hochzeitsservice. Genie\u00dfen Sie Ihren besonderen Tag in diesem wundersch\u00f6nen Resort, Lesen Sie hier mehr dar\u00fcber...\",\"breadcrumb\":{\"@id\":\"https:\\\/\\\/www.borgoargiano.com\\\/de\\\/hochzeiten\\\/#breadcrumb\"},\"inLanguage\":\"de\",\"potentialAction\":[{\"@type\":\"ReadAction\",\"target\":[\"https:\\\/\\\/www.borgoargiano.com\\\/de\\\/hochzeiten\\\/\"]}]},{\"@type\":\"BreadcrumbList\",\"@id\":\"https:\\\/\\\/www.borgoargiano.com\\\/de\\\/hochzeiten\\\/#breadcrumb\",\"itemListElement\":[{\"@type\":\"ListItem\",\"position\":1,\"name\":\"Home\",\"item\":\"https:\\\/\\\/www.borgoargiano.com\\\/de\\\/\"},{\"@type\":\"ListItem\",\"position\":2,\"name\":\"Hochzeiten\"}]},{\"@type\":\"WebSite\",\"@id\":\"https:\\\/\\\/www.borgoargiano.com\\\/en\\\/#website\",\"url\":\"https:\\\/\\\/www.borgoargiano.com\\\/en\\\/\",\"name\":\"Borgo Argiano\",\"description\":\"Step into a tranquil oasis where relaxation is guaranteed\",\"potentialAction\":[{\"@type\":\"SearchAction\",\"target\":{\"@type\":\"EntryPoint\",\"urlTemplate\":\"https:\\\/\\\/www.borgoargiano.com\\\/en\\\/?s={search_term_string}\"},\"query-input\":{\"@type\":\"PropertyValueSpecification\",\"valueRequired\":true,\"valueName\":\"search_term_string\"}}],\"inLanguage\":\"de\"}]}<\/script>\n<!-- \/ Yoast SEO plugin. -->","yoast_head_json":{"title":"Borgo Argiano - Hochzeitslocation und Resort in der Toskana","description":"Borgo Argiano ist eine perfekte Hochzeitslocation. Wir bieten Ihnen den kompletten Hochzeitsservice. Genie\u00dfen Sie Ihren besonderen Tag in diesem wundersch\u00f6nen Resort, Lesen Sie hier mehr dar\u00fcber...","robots":{"index":"index","follow":"follow","max-snippet":"max-snippet:-1","max-image-preview":"max-image-preview:large","max-video-preview":"max-video-preview:-1"},"canonical":"https:\/\/www.borgoargiano.com\/de\/hochzeiten\/","og_locale":"de_DE","og_type":"article","og_title":"Borgo Argiano - Hochzeitslocation und Resort in der Toskana","og_description":"Borgo Argiano ist eine perfekte Hochzeitslocation. Wir bieten Ihnen den kompletten Hochzeitsservice. Genie\u00dfen Sie Ihren besonderen Tag in diesem wundersch\u00f6nen Resort, Lesen Sie hier mehr dar\u00fcber...","og_url":"https:\/\/www.borgoargiano.com\/de\/hochzeiten\/","og_site_name":"Borgo Argiano","article_modified_time":"2018-08-14T08:56:31+00:00","twitter_card":"summary_large_image","twitter_misc":{"Gesch\u00e4tzte Lesezeit":"4\u00a0Minuten"},"schema":{"@context":"https:\/\/schema.org","@graph":[{"@type":"WebPage","@id":"https:\/\/www.borgoargiano.com\/de\/hochzeiten\/","url":"https:\/\/www.borgoargiano.com\/de\/hochzeiten\/","name":"Borgo Argiano - Hochzeitslocation und Resort in der Toskana","isPartOf":{"@id":"https:\/\/www.borgoargiano.com\/en\/#website"},"datePublished":"2018-01-31T11:17:48+00:00","dateModified":"2018-08-14T08:56:31+00:00","description":"Borgo Argiano ist eine perfekte Hochzeitslocation. Wir bieten Ihnen den kompletten Hochzeitsservice. Genie\u00dfen Sie Ihren besonderen Tag in diesem wundersch\u00f6nen Resort, Lesen Sie hier mehr dar\u00fcber...","breadcrumb":{"@id":"https:\/\/www.borgoargiano.com\/de\/hochzeiten\/#breadcrumb"},"inLanguage":"de","potentialAction":[{"@type":"ReadAction","target":["https:\/\/www.borgoargiano.com\/de\/hochzeiten\/"]}]},{"@type":"BreadcrumbList","@id":"https:\/\/www.borgoargiano.com\/de\/hochzeiten\/#breadcrumb","itemListElement":[{"@type":"ListItem","position":1,"name":"Home","item":"https:\/\/www.borgoargiano.com\/de\/"},{"@type":"ListItem","position":2,"name":"Hochzeiten"}]},{"@type":"WebSite","@id":"https:\/\/www.borgoargiano.com\/en\/#website","url":"https:\/\/www.borgoargiano.com\/en\/","name":"Borgo Argiano","description":"Step into a tranquil oasis where relaxation is guaranteed","potentialAction":[{"@type":"SearchAction","target":{"@type":"EntryPoint","urlTemplate":"https:\/\/www.borgoargiano.com\/en\/?s={search_term_string}"},"query-input":{"@type":"PropertyValueSpecification","valueRequired":true,"valueName":"search_term_string"}}],"inLanguage":"de"}]}},"_links":{"self":[{"href":"https:\/\/www.borgoargiano.com\/de\/wp-json\/wp\/v2\/pages\/12758","targetHints":{"allow":["GET"]}}],"collection":[{"href":"https:\/\/www.borgoargiano.com\/de\/wp-json\/wp\/v2\/pages"}],"about":[{"href":"https:\/\/www.borgoargiano.com\/de\/wp-json\/wp\/v2\/types\/page"}],"author":[{"embeddable":true,"href":"https:\/\/www.borgoargiano.com\/de\/wp-json\/wp\/v2\/users\/2"}],"replies":[{"embeddable":true,"href":"https:\/\/www.borgoargiano.com\/de\/wp-json\/wp\/v2\/comments?post=12758"}],"version-history":[{"count":6,"href":"https:\/\/www.borgoargiano.com\/de\/wp-json\/wp\/v2\/pages\/12758\/revisions"}],"predecessor-version":[{"id":12943,"href":"https:\/\/www.borgoargiano.com\/de\/wp-json\/wp\/v2\/pages\/12758\/revisions\/12943"}],"wp:attachment":[{"href":"https:\/\/www.borgoargiano.com\/de\/wp-json\/wp\/v2\/media?parent=12758"}],"curies":[{"name":"wp","href":"https:\/\/api.w.org\/{rel}","templated":true}]}}