{"id":12760,"date":"2017-07-18T08:50:28","date_gmt":"2017-07-18T07:50:28","guid":{"rendered":"https:\/\/www.borgoargiano.com\/aktivitaten\/"},"modified":"2018-08-14T09:58:33","modified_gmt":"2018-08-14T08:58:33","slug":"aktivitaten","status":"publish","type":"page","link":"https:\/\/www.borgoargiano.com\/de\/aktivitaten\/","title":{"rendered":"Aktivit\u00e4ten"},"content":{"rendered":"<div class=\"wpb-content-wrapper\"><p>[vc_row][vc_column width=&#8220;1\/12&#8243;][\/vc_column][vc_column offset=&#8220;vc_col-lg-10 vc_col-md-10 vc_col-xs-12&#8243;][vc_custom_heading text=&#8220;Sie werden die ruhige und friedliche Umgebung von Borgo Argiano lieben \u2013 ganz gleich ob Sie die toskanische Sonne auf Ihrer Terrasse genie\u00dfen oder ein Buch am Pool lesen wollen. Aber wenn Sie Lust auf etwas Abwechslung haben, wartet in dieser wundersch\u00f6nen Ecke der Toskana eine Welt voller Weinberge, W\u00e4lder, Fl\u00fcsse und Wanderwege auf Sie. &#8220; font_container=&#8220;tag:h3|text_align:center|color:%235a292d&#8220; google_fonts=&#8220;font_family:Playfair%20Display%3Aregular%2Citalic%2C700%2C700italic%2C900%2C900italic|font_style:400%20italic%3A400%3Aitalic&#8220; el_class=&#8220;entry-title&#8220;][\/vc_column][vc_column width=&#8220;1\/12&#8243;][\/vc_column][\/vc_row][vc_row full_width=&#8220;stretch_row&#8220; css=&#8220;.vc_custom_1517918273105{background-image: url(https:\/\/www.borgoargiano.com\/wp-content\/uploads\/2018\/01\/wine-tasting-cat-page-1.jpg?id=10873) !important;background-position: center !important;background-repeat: no-repeat !important;background-size: cover !important;}&#8220;][vc_column css=&#8220;.vc_custom_1517906969946{padding-top: 40px !important;padding-right: 40px !important;}&#8220; offset=&#8220;vc_col-lg-6 vc_col-md-12 vc_col-xs-12&#8243;][pbr_title_heading title=&#8220;WEINVERKOSTUNG &#8220; style=&#8220;style-4&#8243;][vc_custom_heading text=&#8220;Wenn Sie schon einmal auf einem Weingut sind, dann sollten Sie den Wein auch verkosten! &#8220; font_container=&#8220;tag:h5|font_size:18px|text_align:left|color:%235a292d|line_height:28px&#8220; google_fonts=&#8220;font_family:Playfair%20Display%3Aregular%2Citalic%2C700%2C700italic%2C900%2C900italic|font_style:400%20italic%3A400%3Aitalic&#8220; css=&#8220;.vc_custom_1517240717016{margin-bottom: 20px !important;}&#8220;][vc_column_text]Genie\u00dfen Sie eine kostenlose* Tour durch unser preisgekr\u00f6ntes Weingut und erfahren Sie, wie unser Wein hergestellt wird. Beim Verkosten werden Sie Zeuge davon, mit wie viel Liebe und Sorgfalt wir unsere Weinberge umsorgen.<\/p>\n<p>*Die Touren finden an bestimmten Tagen statt, sodass die kostenlosen Touren nur f\u00fcr unsere Wocheng\u00e4ste garantiert werden k\u00f6nnen.[\/vc_column_text][vc_btn title=&#8220;ZUR AKTIVIT\u00c4TEN\u00dcBERSICHT &#8220; style=&#8220;custom&#8220; custom_background=&#8220;#c5a258&#8243; custom_text=&#8220;#ffffff&#8220; shape=&#8220;square&#8220; link=&#8220;url:http%3A%2F%2Fwww.borgoargiano.com%2Fde%2Faktivitaten%2Fweinverkostung%2F|||&#8220;][\/vc_column][vc_column offset=&#8220;vc_col-lg-6 vc_hidden-md vc_hidden-sm vc_hidden-xs&#8220;][\/vc_column][\/vc_row][vc_row full_width=&#8220;stretch_row_content_no_spaces&#8220; isfullwidth=&#8220;0&#8243;][vc_column offset=&#8220;vc_hidden-lg&#8220;][vc_single_image image=&#8220;11326&#8243; img_size=&#8220;full&#8220; css=&#8220;.vc_custom_1517906776283{margin-bottom: 0px !important;}&#8220;][\/vc_column][\/vc_row][vc_row full_width=&#8220;stretch_row&#8220; css=&#8220;.vc_custom_1517918283140{background-image: url(https:\/\/www.borgoargiano.com\/wp-content\/uploads\/2018\/01\/food-activity-cat-page.jpg?id=10865) !important;background-position: center !important;background-repeat: no-repeat !important;background-size: cover !important;}&#8220;][vc_column css=&#8220;.vc_custom_1517918744956{padding-top: 40px !important;padding-right: 40px !important;}&#8220; offset=&#8220;vc_col-lg-6 vc_hidden-md vc_hidden-sm vc_hidden-xs&#8220;][\/vc_column][vc_column css=&#8220;.vc_custom_1517907048799{padding-top: 40px !important;padding-left: 40px !important;}&#8220; offset=&#8220;vc_col-lg-6 vc_col-md-12 vc_col-xs-12&#8243;][pbr_title_heading title=&#8220;KULINARISCHES &#8220; style=&#8220;style-4&#8243;][vc_custom_heading text=&#8220;Einfaches Essen mit hochwertigen Zutaten zum Genie\u00dfen mit Freunden. &#8220; font_container=&#8220;tag:h5|font_size:18px|text_align:left|color:%235a292d|line_height:28px&#8220; google_fonts=&#8220;font_family:Playfair%20Display%3Aregular%2Citalic%2C700%2C700italic%2C900%2C900italic|font_style:400%20italic%3A400%3Aitalic&#8220; css=&#8220;.vc_custom_1517240733069{margin-bottom: 20px !important;}&#8220;][vc_column_text]Freuen Sie sich auf die Zubereitung von frischen toskanischen Speisen in Ihrer eigenen, von Hand gefertigten K\u00fcche. Gerne reservieren wir Ihnen auf Wunsch auch einen Tisch in einem der vielen lokalen Qualit\u00e4tsrestaurants.[\/vc_column_text][vc_btn title=&#8220;ZUR AKTIVIT\u00c4TEN\u00dcBERSICHT &#8220; style=&#8220;custom&#8220; custom_background=&#8220;#c5a258&#8243; custom_text=&#8220;#ffffff&#8220; shape=&#8220;square&#8220; link=&#8220;url:http%3A%2F%2Fwww.borgoargiano.com%2Fde%2Faktivitaten%2Fkulinarisches%2F|||&#8220;][\/vc_column][\/vc_row][vc_row full_width=&#8220;stretch_row_content_no_spaces&#8220; isfullwidth=&#8220;0&#8243;][vc_column offset=&#8220;vc_hidden-lg&#8220;][vc_single_image image=&#8220;11324&#8243; img_size=&#8220;full&#8220; css=&#8220;.vc_custom_1517906826025{margin-bottom: 0px !important;}&#8220;][\/vc_column][\/vc_row][vc_row full_width=&#8220;stretch_row&#8220; css=&#8220;.vc_custom_1517918294162{background-image: url(https:\/\/www.borgoargiano.com\/wp-content\/uploads\/2018\/01\/walking-cat-page.jpg?id=10875) !important;background-position: center !important;background-repeat: no-repeat !important;background-size: cover !important;}&#8220;][vc_column css=&#8220;.vc_custom_1517907107704{padding-top: 40px !important;padding-right: 40px !important;}&#8220; offset=&#8220;vc_col-lg-6 vc_col-md-12 vc_col-xs-12&#8243;][pbr_title_heading title=&#8220;WANDERN&#8220; style=&#8220;style-4&#8243;][vc_custom_heading text=&#8220;Wir haben \u00fcber 200 Hektar Privatbesitz vor der Haust\u00fcr. &#8220; font_container=&#8220;tag:h5|font_size:18px|text_align:left|color:%235a292d|line_height:28px&#8220; google_fonts=&#8220;font_family:Playfair%20Display%3Aregular%2Citalic%2C700%2C700italic%2C900%2C900italic|font_style:400%20italic%3A400%3Aitalic&#8220; css=&#8220;.vc_custom_1517823760063{margin-bottom: 20px !important;}&#8220;][vc_column_text]Mit vielen Hektar Wald und unserem Anwesen am Fluss Arbia k\u00f6nnen Sie mehrere ausgeschilderte Wanderwege direkt vor Ihrer Haust\u00fcr erkunden.[\/vc_column_text][vc_btn title=&#8220;ZUR AKTIVIT\u00c4TEN\u00dcBERSICHT &#8220; style=&#8220;custom&#8220; custom_background=&#8220;#c5a258&#8243; custom_text=&#8220;#ffffff&#8220; shape=&#8220;square&#8220; link=&#8220;url:http%3A%2F%2Fwww.borgoargiano.com%2Fde%2Faktivitaten%2Fwandern%2F|||&#8220;][\/vc_column][vc_column offset=&#8220;vc_col-lg-6 vc_hidden-md vc_hidden-sm vc_hidden-xs&#8220;][\/vc_column][\/vc_row][vc_row full_width=&#8220;stretch_row_content_no_spaces&#8220; isfullwidth=&#8220;0&#8243;][vc_column offset=&#8220;vc_hidden-lg&#8220;][vc_single_image image=&#8220;11325&#8243; img_size=&#8220;full&#8220; css=&#8220;.vc_custom_1517906802181{margin-bottom: 0px !important;}&#8220;][\/vc_column][\/vc_row][vc_row full_width=&#8220;stretch_row&#8220; css=&#8220;.vc_custom_1517918302295{background-image: url(https:\/\/www.borgoargiano.com\/wp-content\/uploads\/2018\/01\/cycling-cat-page.jpg?id=10879) !important;background-position: center !important;background-repeat: no-repeat !important;background-size: cover !important;}&#8220;][vc_column css=&#8220;.vc_custom_1517918769242{padding-top: 40px !important;padding-right: 40px !important;}&#8220; offset=&#8220;vc_col-lg-6 vc_hidden-md vc_hidden-sm vc_hidden-xs&#8220;][\/vc_column][vc_column css=&#8220;.vc_custom_1517907156187{padding-top: 40px !important;padding-left: 40px !important;}&#8220; offset=&#8220;vc_col-lg-6 vc_col-md-12 vc_col-xs-12&#8243;][pbr_title_heading title=&#8220;RADFAHREN&#8220; style=&#8220;style-4&#8243;][vc_custom_heading text=&#8220;Es gibt nichts Sch\u00f6neres, als die toskanische Landschaft mit dem Fahrrad zu erkunden. &#8220; font_container=&#8220;tag:h5|font_size:18px|text_align:left|color:%235a292d|line_height:28px&#8220; google_fonts=&#8220;font_family:Playfair%20Display%3Aregular%2Citalic%2C700%2C700italic%2C900%2C900italic|font_style:400%20italic%3A400%3Aitalic&#8220; css=&#8220;.vc_custom_1517823765058{margin-bottom: 20px !important;}&#8220;][vc_column_text]Mit Italiens beliebtem Radweg Eroica, der direkt vor unserer Haust\u00fcr verl\u00e4uft, befinden Sie sich im Zentrum der ber\u00fchmten wei\u00dfen Radwege der Toskana.[\/vc_column_text][vc_btn title=&#8220;ZUR AKTIVIT\u00c4TEN\u00dcBERSICHT &#8220; style=&#8220;custom&#8220; custom_background=&#8220;#c5a258&#8243; custom_text=&#8220;#ffffff&#8220; shape=&#8220;square&#8220; link=&#8220;url:http%3A%2F%2Fwww.borgoargiano.com%2Fde%2Faktivitaten%2Fradfahren%2F|||&#8220;][\/vc_column][\/vc_row][vc_row full_width=&#8220;stretch_row_content_no_spaces&#8220; isfullwidth=&#8220;0&#8243;][vc_column offset=&#8220;vc_hidden-lg&#8220;][vc_single_image image=&#8220;11323&#8243; img_size=&#8220;full&#8220; css=&#8220;.vc_custom_1517906851563{margin-bottom: 0px !important;}&#8220;][\/vc_column][\/vc_row][vc_row][vc_column]<p>[vc_row][vc_column width=\"1\/6\"][\/vc_column][vc_column width=\"2\/3\"][vc_empty_space height=\"120px\"][vc_custom_heading text=\"BORGO ARGIANO BOUTIQUE-WEINRESORT\" font_container=\"tag:p|font_size:22px|text_align:center|color:%235a2a2d|line_height:24px\" google_fonts=\"font_family:Playfair%20Display%3Aregular%2Citalic%2C700%2C700italic%2C900%2C900italic|font_style:400%20regular%3A400%3Anormal\"][vc_custom_heading text=\"Ungezwungener Luxus im Herzen der Toskana\" font_container=\"tag:p|font_size:36px|text_align:center|color:%23000000|line_height:46px\" google_fonts=\"font_family:Playfair%20Display%3Aregular%2Citalic%2C700%2C700italic%2C900%2C900italic|font_style:400%20italic%3A400%3Aitalic\" css=\".vc_custom_1534235427226{margin-bottom: 40px !important;}\"][vc_empty_space height=\"20px\"][vc_column_text el_class=\"text-center\"]<a class=\"btn btn-primary btn-md\" href=\"\/?page_id=9705\">ZIMMER ANSEHEN<\/a>[\/vc_column_text][vc_empty_space height=\"120px\"][\/vc_column][vc_column width=\"1\/6\"][\/vc_column][\/vc_row]<\/p>\r\n[\/vc_column][\/vc_row]<\/p>\n<\/div>","protected":false},"excerpt":{"rendered":"<p>[vc_row][vc_column width=&#8220;1\/12&#8243;][\/vc_column][vc_column offset=&#8220;vc_col-lg-10 vc_col-md-10 vc_col-xs-12&#8243;][vc_custom_heading text=&#8220;Sie werden die ruhige und friedliche Umgebung von Borgo Argiano lieben \u2013 ganz gleich ob Sie die toskanische Sonne auf Ihrer Terrasse genie\u00dfen oder ein Buch am Pool lesen wollen. Aber wenn Sie Lust auf etwas Abwechslung haben, wartet in dieser wundersch\u00f6nen Ecke der Toskana eine Welt voller Weinberge, W\u00e4lder, &hellip; <a href=\"https:\/\/www.borgoargiano.com\/de\/aktivitaten\/\" class=\"more-link\">Continue reading <span class=\"screen-reader-text\">Aktivit\u00e4ten<\/span> <span class=\"meta-nav\">&rarr;<\/span><\/a><\/p>\n","protected":false},"author":2,"featured_media":0,"parent":0,"menu_order":0,"comment_status":"closed","ping_status":"closed","template":"","meta":{"footnotes":""},"class_list":["post-12760","page","type-page","status-publish","hentry"],"yoast_head":"<!-- This site is optimized with the Yoast SEO plugin v27.4 - https:\/\/yoast.com\/product\/yoast-seo-wordpress\/ -->\n<title>Entspannende Aktivit\u00e4ten f\u00fcr unsere G\u00e4ste im Borgo Argiano<\/title>\n<meta name=\"description\" content=\"Sie werden die ruhige und friedliche Umgebung vom Borgo Argiano lieben, egal ob Sie die toskanische Sonne auf Ihrer Terrasse genie\u00dfen oder ein Buch am Pool lesen.\" \/>\n<meta name=\"robots\" content=\"index, follow, max-snippet:-1, max-image-preview:large, max-video-preview:-1\" \/>\n<link rel=\"canonical\" href=\"https:\/\/www.borgoargiano.com\/de\/aktivitaten\/\" \/>\n<meta property=\"og:locale\" content=\"de_DE\" \/>\n<meta property=\"og:type\" content=\"article\" \/>\n<meta property=\"og:title\" content=\"Entspannende Aktivit\u00e4ten f\u00fcr unsere G\u00e4ste im Borgo Argiano\" \/>\n<meta property=\"og:description\" content=\"Sie werden die ruhige und friedliche Umgebung vom Borgo Argiano lieben, egal ob Sie die toskanische Sonne auf Ihrer Terrasse genie\u00dfen oder ein Buch am Pool lesen.\" \/>\n<meta property=\"og:url\" content=\"https:\/\/www.borgoargiano.com\/de\/aktivitaten\/\" \/>\n<meta property=\"og:site_name\" content=\"Borgo Argiano\" \/>\n<meta property=\"article:modified_time\" content=\"2018-08-14T08:58:33+00:00\" \/>\n<meta name=\"twitter:card\" content=\"summary_large_image\" \/>\n<meta name=\"twitter:label1\" content=\"Gesch\u00e4tzte Lesezeit\" \/>\n\t<meta name=\"twitter:data1\" content=\"5\u00a0Minuten\" \/>\n<script type=\"application\/ld+json\" class=\"yoast-schema-graph\">{\"@context\":\"https:\\\/\\\/schema.org\",\"@graph\":[{\"@type\":\"WebPage\",\"@id\":\"https:\\\/\\\/www.borgoargiano.com\\\/de\\\/aktivitaten\\\/\",\"url\":\"https:\\\/\\\/www.borgoargiano.com\\\/de\\\/aktivitaten\\\/\",\"name\":\"Entspannende Aktivit\u00e4ten f\u00fcr unsere G\u00e4ste im Borgo Argiano\",\"isPartOf\":{\"@id\":\"https:\\\/\\\/www.borgoargiano.com\\\/en\\\/#website\"},\"datePublished\":\"2017-07-18T07:50:28+00:00\",\"dateModified\":\"2018-08-14T08:58:33+00:00\",\"description\":\"Sie werden die ruhige und friedliche Umgebung vom Borgo Argiano lieben, egal ob Sie die toskanische Sonne auf Ihrer Terrasse genie\u00dfen oder ein Buch am Pool lesen.\",\"breadcrumb\":{\"@id\":\"https:\\\/\\\/www.borgoargiano.com\\\/de\\\/aktivitaten\\\/#breadcrumb\"},\"inLanguage\":\"de\",\"potentialAction\":[{\"@type\":\"ReadAction\",\"target\":[\"https:\\\/\\\/www.borgoargiano.com\\\/de\\\/aktivitaten\\\/\"]}]},{\"@type\":\"BreadcrumbList\",\"@id\":\"https:\\\/\\\/www.borgoargiano.com\\\/de\\\/aktivitaten\\\/#breadcrumb\",\"itemListElement\":[{\"@type\":\"ListItem\",\"position\":1,\"name\":\"Home\",\"item\":\"https:\\\/\\\/www.borgoargiano.com\\\/de\\\/\"},{\"@type\":\"ListItem\",\"position\":2,\"name\":\"Aktivit\u00e4ten\"}]},{\"@type\":\"WebSite\",\"@id\":\"https:\\\/\\\/www.borgoargiano.com\\\/en\\\/#website\",\"url\":\"https:\\\/\\\/www.borgoargiano.com\\\/en\\\/\",\"name\":\"Borgo Argiano\",\"description\":\"Step into a tranquil oasis where relaxation is guaranteed\",\"potentialAction\":[{\"@type\":\"SearchAction\",\"target\":{\"@type\":\"EntryPoint\",\"urlTemplate\":\"https:\\\/\\\/www.borgoargiano.com\\\/en\\\/?s={search_term_string}\"},\"query-input\":{\"@type\":\"PropertyValueSpecification\",\"valueRequired\":true,\"valueName\":\"search_term_string\"}}],\"inLanguage\":\"de\"}]}<\/script>\n<!-- \/ Yoast SEO plugin. -->","yoast_head_json":{"title":"Entspannende Aktivit\u00e4ten f\u00fcr unsere G\u00e4ste im Borgo Argiano","description":"Sie werden die ruhige und friedliche Umgebung vom Borgo Argiano lieben, egal ob Sie die toskanische Sonne auf Ihrer Terrasse genie\u00dfen oder ein Buch am Pool lesen.","robots":{"index":"index","follow":"follow","max-snippet":"max-snippet:-1","max-image-preview":"max-image-preview:large","max-video-preview":"max-video-preview:-1"},"canonical":"https:\/\/www.borgoargiano.com\/de\/aktivitaten\/","og_locale":"de_DE","og_type":"article","og_title":"Entspannende Aktivit\u00e4ten f\u00fcr unsere G\u00e4ste im Borgo Argiano","og_description":"Sie werden die ruhige und friedliche Umgebung vom Borgo Argiano lieben, egal ob Sie die toskanische Sonne auf Ihrer Terrasse genie\u00dfen oder ein Buch am Pool lesen.","og_url":"https:\/\/www.borgoargiano.com\/de\/aktivitaten\/","og_site_name":"Borgo Argiano","article_modified_time":"2018-08-14T08:58:33+00:00","twitter_card":"summary_large_image","twitter_misc":{"Gesch\u00e4tzte Lesezeit":"5\u00a0Minuten"},"schema":{"@context":"https:\/\/schema.org","@graph":[{"@type":"WebPage","@id":"https:\/\/www.borgoargiano.com\/de\/aktivitaten\/","url":"https:\/\/www.borgoargiano.com\/de\/aktivitaten\/","name":"Entspannende Aktivit\u00e4ten f\u00fcr unsere G\u00e4ste im Borgo Argiano","isPartOf":{"@id":"https:\/\/www.borgoargiano.com\/en\/#website"},"datePublished":"2017-07-18T07:50:28+00:00","dateModified":"2018-08-14T08:58:33+00:00","description":"Sie werden die ruhige und friedliche Umgebung vom Borgo Argiano lieben, egal ob Sie die toskanische Sonne auf Ihrer Terrasse genie\u00dfen oder ein Buch am Pool lesen.","breadcrumb":{"@id":"https:\/\/www.borgoargiano.com\/de\/aktivitaten\/#breadcrumb"},"inLanguage":"de","potentialAction":[{"@type":"ReadAction","target":["https:\/\/www.borgoargiano.com\/de\/aktivitaten\/"]}]},{"@type":"BreadcrumbList","@id":"https:\/\/www.borgoargiano.com\/de\/aktivitaten\/#breadcrumb","itemListElement":[{"@type":"ListItem","position":1,"name":"Home","item":"https:\/\/www.borgoargiano.com\/de\/"},{"@type":"ListItem","position":2,"name":"Aktivit\u00e4ten"}]},{"@type":"WebSite","@id":"https:\/\/www.borgoargiano.com\/en\/#website","url":"https:\/\/www.borgoargiano.com\/en\/","name":"Borgo Argiano","description":"Step into a tranquil oasis where relaxation is guaranteed","potentialAction":[{"@type":"SearchAction","target":{"@type":"EntryPoint","urlTemplate":"https:\/\/www.borgoargiano.com\/en\/?s={search_term_string}"},"query-input":{"@type":"PropertyValueSpecification","valueRequired":true,"valueName":"search_term_string"}}],"inLanguage":"de"}]}},"_links":{"self":[{"href":"https:\/\/www.borgoargiano.com\/de\/wp-json\/wp\/v2\/pages\/12760","targetHints":{"allow":["GET"]}}],"collection":[{"href":"https:\/\/www.borgoargiano.com\/de\/wp-json\/wp\/v2\/pages"}],"about":[{"href":"https:\/\/www.borgoargiano.com\/de\/wp-json\/wp\/v2\/types\/page"}],"author":[{"embeddable":true,"href":"https:\/\/www.borgoargiano.com\/de\/wp-json\/wp\/v2\/users\/2"}],"replies":[{"embeddable":true,"href":"https:\/\/www.borgoargiano.com\/de\/wp-json\/wp\/v2\/comments?post=12760"}],"version-history":[{"count":9,"href":"https:\/\/www.borgoargiano.com\/de\/wp-json\/wp\/v2\/pages\/12760\/revisions"}],"predecessor-version":[{"id":12945,"href":"https:\/\/www.borgoargiano.com\/de\/wp-json\/wp\/v2\/pages\/12760\/revisions\/12945"}],"wp:attachment":[{"href":"https:\/\/www.borgoargiano.com\/de\/wp-json\/wp\/v2\/media?parent=12760"}],"curies":[{"name":"wp","href":"https:\/\/api.w.org\/{rel}","templated":true}]}}