{"id":12769,"date":"2017-07-17T16:30:01","date_gmt":"2017-07-17T15:30:01","guid":{"rendered":"https:\/\/www.borgoargiano.com\/region\/"},"modified":"2018-08-14T09:33:02","modified_gmt":"2018-08-14T08:33:02","slug":"region","status":"publish","type":"page","link":"https:\/\/www.borgoargiano.com\/de\/region\/","title":{"rendered":"Region"},"content":{"rendered":"<div class=\"wpb-content-wrapper\"><p>[vc_row][vc_column width=&#8220;1\/12&#8243;][\/vc_column][vc_column offset=&#8220;vc_col-lg-10 vc_col-md-10 vc_col-xs-12&#8243;][vc_custom_heading text=&#8220;Die Toskana ist eine bezaubernde Region mit einem reichen k\u00fcnstlerischen Erbe und atemberaubenden Landschaften. &#8220; font_container=&#8220;tag:h3|text_align:center|color:%235a292d&#8220; google_fonts=&#8220;font_family:Playfair%20Display%3Aregular%2Citalic%2C700%2C700italic%2C900%2C900italic|font_style:400%20italic%3A400%3Aitalic&#8220; el_class=&#8220;entry-title&#8220;][\/vc_column][vc_column width=&#8220;1\/12&#8243;][\/vc_column][\/vc_row][vc_row full_width=&#8220;stretch_row&#8220; css=&#8220;.vc_custom_1517918243071{background-image: url(https:\/\/www.borgoargiano.com\/wp-content\/uploads\/2018\/01\/siena-background.jpg?id=11070) !important;background-position: center !important;background-repeat: no-repeat !important;background-size: cover !important;}&#8220;][vc_column css=&#8220;.vc_custom_1517913201894{padding-top: 40px !important;padding-right: 40px !important;}&#8220; offset=&#8220;vc_col-lg-6 vc_col-md-12 vc_col-xs-12&#8243;][pbr_title_heading title=&#8220;Siena&#8220; style=&#8220;style-4&#8243;][vc_custom_heading text=&#8220;Nur 12 km von Borgo Argiano entfernt liegt die historische Stadt Siena. &#8220; font_container=&#8220;tag:h5|font_size:18px|text_align:left|color:%235a292d|line_height:28px&#8220; google_fonts=&#8220;font_family:Playfair%20Display%3Aregular%2Citalic%2C700%2C700italic%2C900%2C900italic|font_style:400%20italic%3A400%3Aitalic&#8220; css=&#8220;.vc_custom_1517394025327{margin-bottom: 20px !important;}&#8220;][vc_column_text]Hier k\u00f6nnen Sie den au\u00dfergew\u00f6hnlichen Dom von Siena, il Duomo, besichtigen. Er ist ein Meisterwerk der italienischen romanisch-gotischen Architektur. Wenn Sie sich fit f\u00fchlen, k\u00f6nnen Sie den 100 Meter hohen Turm des Palazzo Pubblico mit Blick auf die Piazza del Campo, den zentralen Platz von Siena, besteigen. Oder verbringen Sie einen ruhigen Nachmittag abseits der vielbesuchten Stra\u00dfen auf einem der zahlreichen kleinen Pl\u00e4tze, lesen Sie ein Buch und nippen Sie an einem Aperol Spritz. <\/p>\n<p>Nachts erwacht ganz Siena mit ihren zahlreichen Restaurants zum Leben. Jeder will die milde Abendluft genie\u00dfen. Siena ist eine mittelalterliche Stadt wie keine andere in Italien.[\/vc_column_text][\/vc_column][vc_column offset=&#8220;vc_col-lg-6 vc_hidden-md vc_hidden-sm vc_hidden-xs&#8220;][\/vc_column][\/vc_row][vc_row full_width=&#8220;stretch_row_content_no_spaces&#8220; isfullwidth=&#8220;0&#8243;][vc_column offset=&#8220;vc_hidden-lg&#8220;][vc_single_image image=&#8220;11355&#8243; img_size=&#8220;full&#8220; css=&#8220;.vc_custom_1517913396519{margin-bottom: 0px !important;}&#8220;][\/vc_column][\/vc_row][vc_row full_width=&#8220;stretch_row&#8220; css=&#8220;.vc_custom_1517918250097{background-image: url(https:\/\/www.borgoargiano.com\/wp-content\/uploads\/2018\/01\/Chianti-Classico-background.jpg?id=11067) !important;background-position: center !important;background-repeat: no-repeat !important;background-size: cover !important;}&#8220;][vc_column css=&#8220;.vc_custom_1517918947268{padding-top: 40px !important;padding-right: 40px !important;}&#8220; offset=&#8220;vc_col-lg-6 vc_hidden-md vc_hidden-sm vc_hidden-xs&#8220;][\/vc_column][vc_column css=&#8220;.vc_custom_1517913237088{padding-top: 40px !important;padding-left: 40px !important;}&#8220; offset=&#8220;vc_col-lg-6 vc_col-md-12 vc_col-xs-12&#8243;][pbr_title_heading title=&#8220;DIE CHIANTI CLASSICO REGION &#8220; style=&#8220;style-4&#8243;][vc_custom_heading text=&#8220;Borgo Argiano ist das Tor zur wundersch\u00f6nen Region Chianto Classico. &#8220; font_container=&#8220;tag:h5|font_size:18px|text_align:left|color:%235a292d|line_height:28px&#8220; google_fonts=&#8220;font_family:Playfair%20Display%3Aregular%2Citalic%2C700%2C700italic%2C900%2C900italic|font_style:400%20italic%3A400%3Aitalic&#8220; css=&#8220;.vc_custom_1517394051842{margin-bottom: 20px !important;}&#8220;][vc_column_text]Auf der anderen Seite des Tals kann man das Schloss von Brolio sehen. Das ist der Sitz des Barons Bettino Ricasoli, dem ehemaligen Ministerpr\u00e4sidenten von Italien und Erfinder der urspr\u00fcnglichen Chianti Formel aus dem Jahre 1872. <\/p>\n<p>Eine Fahrt in die Berge f\u00fchrt Sie durch Gaiole in Chianti und Radda in Chianti, durch Unmengen an idyllischen Bergd\u00f6rfern und legend\u00e4ren Weinbergen. Hier k\u00f6nnen Sie das Essen einiger der besten Restaurants der Region genie\u00dfen oder den Wein von unseren Nachbarn verkosten![\/vc_column_text][\/vc_column][\/vc_row][vc_row full_width=&#8220;stretch_row_content_no_spaces&#8220; isfullwidth=&#8220;0&#8243;][vc_column offset=&#8220;vc_hidden-lg&#8220;][vc_single_image image=&#8220;11352&#8243; img_size=&#8220;full&#8220; css=&#8220;.vc_custom_1517913418212{margin-bottom: 0px !important;}&#8220;][\/vc_column][\/vc_row][vc_row full_width=&#8220;stretch_row&#8220; css=&#8220;.vc_custom_1517918257029{background-image: url(https:\/\/www.borgoargiano.com\/wp-content\/uploads\/2018\/01\/florence-background.jpg?id=11068) !important;background-position: center !important;background-repeat: no-repeat !important;background-size: cover !important;}&#8220;][vc_column css=&#8220;.vc_custom_1517913265532{padding-top: 40px !important;padding-right: 40px !important;}&#8220; offset=&#8220;vc_col-lg-6 vc_col-md-12 vc_col-xs-12&#8243;][pbr_title_heading title=&#8220;FLORENZ &#8220; style=&#8220;style-4&#8243;][vc_custom_heading text=&#8220;Das sch\u00f6ne Florenz liegt 80 km n\u00f6rdlich und jede Reise in unsere Region sollte einen Tag in dieser au\u00dfergew\u00f6hnlichen Stadt beinhalten. &#8220; font_container=&#8220;tag:h5|font_size:18px|text_align:left|color:%235a292d|line_height:28px&#8220; google_fonts=&#8220;font_family:Playfair%20Display%3Aregular%2Citalic%2C700%2C700italic%2C900%2C900italic|font_style:400%20italic%3A400%3Aitalic&#8220; css=&#8220;.vc_custom_1517394081758{margin-bottom: 20px !important;}&#8220;][vc_column_text]Florenz ist der Geburtsort der Renaissance und hat unsere Kultur stark gepr\u00e4gt und uns die vielen Meisterwerke von Leonardo da Vinci, Michelangelo, Botticelli und Donatello hinterlassen. Ihre Werke finden sich zusammen mit den Werken vieler K\u00fcnstler in den Uffizien und einigen kleineren Museen, darunter in der Akademie, in der Michelangelos Meisterwerk, der David, ausgestellt ist.[\/vc_column_text][\/vc_column][vc_column offset=&#8220;vc_col-lg-6 vc_hidden-md vc_hidden-sm vc_hidden-xs&#8220;][\/vc_column][\/vc_row][vc_row full_width=&#8220;stretch_row_content_no_spaces&#8220; isfullwidth=&#8220;0&#8243;][vc_column offset=&#8220;vc_hidden-lg&#8220;][vc_single_image image=&#8220;11353&#8243; img_size=&#8220;full&#8220; css=&#8220;.vc_custom_1517913444710{margin-bottom: 0px !important;}&#8220;][\/vc_column][\/vc_row][vc_row full_width=&#8220;stretch_row&#8220; css=&#8220;.vc_custom_1517918263565{background-image: url(https:\/\/www.borgoargiano.com\/wp-content\/uploads\/2018\/01\/il-palio-background.jpg?id=11069) !important;background-position: center !important;background-repeat: no-repeat !important;background-size: cover !important;}&#8220;][vc_column css=&#8220;.vc_custom_1517918976022{padding-top: 40px !important;padding-right: 40px !important;}&#8220; offset=&#8220;vc_col-lg-6 vc_hidden-md vc_hidden-sm vc_hidden-xs&#8220;][\/vc_column][vc_column css=&#8220;.vc_custom_1517913332574{padding-top: 40px !important;padding-left: 40px !important;}&#8220; offset=&#8220;vc_col-lg-6 vc_col-md-12 vc_col-xs-12&#8243;][pbr_title_heading title=&#8220;Il Palio&#8220; style=&#8220;style-4&#8243;][vc_custom_heading text=&#8220;Il Palio ist wohl Italiens ber\u00fchmteste Sportveranstaltung, die jedes Jahr am 2. Juli und am 16. August stattfindet. &#8220; font_container=&#8220;tag:h5|font_size:18px|text_align:left|color:%235a292d|line_height:28px&#8220; google_fonts=&#8220;font_family:Playfair%20Display%3Aregular%2Citalic%2C700%2C700italic%2C900%2C900italic|font_style:400%20italic%3A400%3Aitalic&#8220; css=&#8220;.vc_custom_1517394110424{margin-bottom: 20px !important;}&#8220;][vc_column_text]Il Palio ist wohl Italiens ber\u00fchmteste Sportveranstaltung, die jedes Jahr am 2. Juli und am 16. August stattfindet. <\/p>\n<p>Die Pferde repr\u00e4sentieren die 17 Contrade, die Regionen von Siena. Das Leben der meisten Bewohner der Stadt wird von diesem Rennen mit all seinen Rivalit\u00e4ten bestimmt. Bereits vier Tage vor dem spektakul\u00e4ren Pferderennen heizt sich die Atmosph\u00e4re um den Campo t\u00e4glich mehr auf \u2013 ein Spektakel, das es zu sehen gilt. Wenn Sie die M\u00f6glichkeit haben teilzunehmen, werden Sie die ganze Herzlichkeit und Leidenschaft der Menschen von Siena w\u00e4hrend dieser besonderen Feier erleben k\u00f6nnen.[\/vc_column_text][\/vc_column][\/vc_row][vc_row full_width=&#8220;stretch_row_content_no_spaces&#8220; isfullwidth=&#8220;0&#8243;][vc_column offset=&#8220;vc_hidden-lg&#8220;][vc_single_image image=&#8220;11354&#8243; img_size=&#8220;full&#8220; css=&#8220;.vc_custom_1517913481805{margin-bottom: 0px !important;}&#8220;][\/vc_column][\/vc_row][vc_row][vc_column]<p>[vc_row][vc_column width=\"1\/6\"][\/vc_column][vc_column width=\"2\/3\"][vc_empty_space height=\"120px\"][vc_custom_heading text=\"BORGO ARGIANO BOUTIQUE-WEINRESORT\" font_container=\"tag:p|font_size:22px|text_align:center|color:%235a2a2d|line_height:24px\" google_fonts=\"font_family:Playfair%20Display%3Aregular%2Citalic%2C700%2C700italic%2C900%2C900italic|font_style:400%20regular%3A400%3Anormal\"][vc_custom_heading text=\"Ungezwungener Luxus im Herzen der Toskana\" font_container=\"tag:p|font_size:36px|text_align:center|color:%23000000|line_height:46px\" google_fonts=\"font_family:Playfair%20Display%3Aregular%2Citalic%2C700%2C700italic%2C900%2C900italic|font_style:400%20italic%3A400%3Aitalic\" css=\".vc_custom_1534235427226{margin-bottom: 40px !important;}\"][vc_empty_space height=\"20px\"][vc_column_text el_class=\"text-center\"]<a class=\"btn btn-primary btn-md\" href=\"\/?page_id=9705\">ZIMMER ANSEHEN<\/a>[\/vc_column_text][vc_empty_space height=\"120px\"][\/vc_column][vc_column width=\"1\/6\"][\/vc_column][\/vc_row]<\/p>\r\n[\/vc_column][\/vc_row]<\/p>\n<\/div>","protected":false},"excerpt":{"rendered":"<p>[vc_row][vc_column width=&#8220;1\/12&#8243;][\/vc_column][vc_column offset=&#8220;vc_col-lg-10 vc_col-md-10 vc_col-xs-12&#8243;][vc_custom_heading text=&#8220;Die Toskana ist eine bezaubernde Region mit einem reichen k\u00fcnstlerischen Erbe und atemberaubenden Landschaften. &#8220; font_container=&#8220;tag:h3|text_align:center|color:%235a292d&#8220; google_fonts=&#8220;font_family:Playfair%20Display%3Aregular%2Citalic%2C700%2C700italic%2C900%2C900italic|font_style:400%20italic%3A400%3Aitalic&#8220; el_class=&#8220;entry-title&#8220;][\/vc_column][vc_column width=&#8220;1\/12&#8243;][\/vc_column][\/vc_row][vc_row full_width=&#8220;stretch_row&#8220; css=&#8220;.vc_custom_1517918243071{background-image: url(https:\/\/www.borgoargiano.com\/wp-content\/uploads\/2018\/01\/siena-background.jpg?id=11070) !important;background-position: center !important;background-repeat: no-repeat !important;background-size: cover !important;}&#8220;][vc_column css=&#8220;.vc_custom_1517913201894{padding-top: 40px !important;padding-right: 40px !important;}&#8220; offset=&#8220;vc_col-lg-6 vc_col-md-12 vc_col-xs-12&#8243;][pbr_title_heading title=&#8220;Siena&#8220; style=&#8220;style-4&#8243;][vc_custom_heading text=&#8220;Nur 12 km von Borgo Argiano entfernt liegt die historische Stadt &hellip; <a href=\"https:\/\/www.borgoargiano.com\/de\/region\/\" class=\"more-link\">Continue reading <span class=\"screen-reader-text\">Region<\/span> <span class=\"meta-nav\">&rarr;<\/span><\/a><\/p>\n","protected":false},"author":2,"featured_media":0,"parent":0,"menu_order":0,"comment_status":"closed","ping_status":"closed","template":"","meta":{"footnotes":""},"class_list":["post-12769","page","type-page","status-publish","hentry"],"yoast_head":"<!-- This site is optimized with the Yoast SEO plugin v27.4 - https:\/\/yoast.com\/product\/yoast-seo-wordpress\/ -->\n<title>St\u00e4dte und Umgebung rund um Borgo Argiano<\/title>\n<meta name=\"description\" content=\"Die Toskana ist eine bezaubernde Region mit einem reichen k\u00fcnstlerischen Erbe und atemberaubenden Landschaften. Nur 12 km von Borgo Argiano entfernt liegt die historische Stadt Siena.\" \/>\n<meta name=\"robots\" content=\"index, follow, max-snippet:-1, max-image-preview:large, max-video-preview:-1\" \/>\n<link rel=\"canonical\" href=\"https:\/\/www.borgoargiano.com\/de\/region\/\" \/>\n<meta property=\"og:locale\" content=\"de_DE\" \/>\n<meta property=\"og:type\" content=\"article\" \/>\n<meta property=\"og:title\" content=\"St\u00e4dte und Umgebung rund um Borgo Argiano\" \/>\n<meta property=\"og:description\" content=\"Die Toskana ist eine bezaubernde Region mit einem reichen k\u00fcnstlerischen Erbe und atemberaubenden Landschaften. Nur 12 km von Borgo Argiano entfernt liegt die historische Stadt Siena.\" \/>\n<meta property=\"og:url\" content=\"https:\/\/www.borgoargiano.com\/de\/region\/\" \/>\n<meta property=\"og:site_name\" content=\"Borgo Argiano\" \/>\n<meta property=\"article:modified_time\" content=\"2018-08-14T08:33:02+00:00\" \/>\n<meta name=\"twitter:card\" content=\"summary_large_image\" \/>\n<meta name=\"twitter:label1\" content=\"Gesch\u00e4tzte Lesezeit\" \/>\n\t<meta name=\"twitter:data1\" content=\"6\u00a0Minuten\" \/>\n<script type=\"application\/ld+json\" class=\"yoast-schema-graph\">{\"@context\":\"https:\\\/\\\/schema.org\",\"@graph\":[{\"@type\":\"WebPage\",\"@id\":\"https:\\\/\\\/www.borgoargiano.com\\\/de\\\/region\\\/\",\"url\":\"https:\\\/\\\/www.borgoargiano.com\\\/de\\\/region\\\/\",\"name\":\"St\u00e4dte und Umgebung rund um Borgo Argiano\",\"isPartOf\":{\"@id\":\"https:\\\/\\\/www.borgoargiano.com\\\/en\\\/#website\"},\"datePublished\":\"2017-07-17T15:30:01+00:00\",\"dateModified\":\"2018-08-14T08:33:02+00:00\",\"description\":\"Die Toskana ist eine bezaubernde Region mit einem reichen k\u00fcnstlerischen Erbe und atemberaubenden Landschaften. Nur 12 km von Borgo Argiano entfernt liegt die historische Stadt Siena.\",\"breadcrumb\":{\"@id\":\"https:\\\/\\\/www.borgoargiano.com\\\/de\\\/region\\\/#breadcrumb\"},\"inLanguage\":\"de\",\"potentialAction\":[{\"@type\":\"ReadAction\",\"target\":[\"https:\\\/\\\/www.borgoargiano.com\\\/de\\\/region\\\/\"]}]},{\"@type\":\"BreadcrumbList\",\"@id\":\"https:\\\/\\\/www.borgoargiano.com\\\/de\\\/region\\\/#breadcrumb\",\"itemListElement\":[{\"@type\":\"ListItem\",\"position\":1,\"name\":\"Home\",\"item\":\"https:\\\/\\\/www.borgoargiano.com\\\/de\\\/\"},{\"@type\":\"ListItem\",\"position\":2,\"name\":\"Region\"}]},{\"@type\":\"WebSite\",\"@id\":\"https:\\\/\\\/www.borgoargiano.com\\\/en\\\/#website\",\"url\":\"https:\\\/\\\/www.borgoargiano.com\\\/en\\\/\",\"name\":\"Borgo Argiano\",\"description\":\"Step into a tranquil oasis where relaxation is guaranteed\",\"potentialAction\":[{\"@type\":\"SearchAction\",\"target\":{\"@type\":\"EntryPoint\",\"urlTemplate\":\"https:\\\/\\\/www.borgoargiano.com\\\/en\\\/?s={search_term_string}\"},\"query-input\":{\"@type\":\"PropertyValueSpecification\",\"valueRequired\":true,\"valueName\":\"search_term_string\"}}],\"inLanguage\":\"de\"}]}<\/script>\n<!-- \/ Yoast SEO plugin. -->","yoast_head_json":{"title":"St\u00e4dte und Umgebung rund um Borgo Argiano","description":"Die Toskana ist eine bezaubernde Region mit einem reichen k\u00fcnstlerischen Erbe und atemberaubenden Landschaften. Nur 12 km von Borgo Argiano entfernt liegt die historische Stadt Siena.","robots":{"index":"index","follow":"follow","max-snippet":"max-snippet:-1","max-image-preview":"max-image-preview:large","max-video-preview":"max-video-preview:-1"},"canonical":"https:\/\/www.borgoargiano.com\/de\/region\/","og_locale":"de_DE","og_type":"article","og_title":"St\u00e4dte und Umgebung rund um Borgo Argiano","og_description":"Die Toskana ist eine bezaubernde Region mit einem reichen k\u00fcnstlerischen Erbe und atemberaubenden Landschaften. Nur 12 km von Borgo Argiano entfernt liegt die historische Stadt Siena.","og_url":"https:\/\/www.borgoargiano.com\/de\/region\/","og_site_name":"Borgo Argiano","article_modified_time":"2018-08-14T08:33:02+00:00","twitter_card":"summary_large_image","twitter_misc":{"Gesch\u00e4tzte Lesezeit":"6\u00a0Minuten"},"schema":{"@context":"https:\/\/schema.org","@graph":[{"@type":"WebPage","@id":"https:\/\/www.borgoargiano.com\/de\/region\/","url":"https:\/\/www.borgoargiano.com\/de\/region\/","name":"St\u00e4dte und Umgebung rund um Borgo Argiano","isPartOf":{"@id":"https:\/\/www.borgoargiano.com\/en\/#website"},"datePublished":"2017-07-17T15:30:01+00:00","dateModified":"2018-08-14T08:33:02+00:00","description":"Die Toskana ist eine bezaubernde Region mit einem reichen k\u00fcnstlerischen Erbe und atemberaubenden Landschaften. Nur 12 km von Borgo Argiano entfernt liegt die historische Stadt Siena.","breadcrumb":{"@id":"https:\/\/www.borgoargiano.com\/de\/region\/#breadcrumb"},"inLanguage":"de","potentialAction":[{"@type":"ReadAction","target":["https:\/\/www.borgoargiano.com\/de\/region\/"]}]},{"@type":"BreadcrumbList","@id":"https:\/\/www.borgoargiano.com\/de\/region\/#breadcrumb","itemListElement":[{"@type":"ListItem","position":1,"name":"Home","item":"https:\/\/www.borgoargiano.com\/de\/"},{"@type":"ListItem","position":2,"name":"Region"}]},{"@type":"WebSite","@id":"https:\/\/www.borgoargiano.com\/en\/#website","url":"https:\/\/www.borgoargiano.com\/en\/","name":"Borgo Argiano","description":"Step into a tranquil oasis where relaxation is guaranteed","potentialAction":[{"@type":"SearchAction","target":{"@type":"EntryPoint","urlTemplate":"https:\/\/www.borgoargiano.com\/en\/?s={search_term_string}"},"query-input":{"@type":"PropertyValueSpecification","valueRequired":true,"valueName":"search_term_string"}}],"inLanguage":"de"}]}},"_links":{"self":[{"href":"https:\/\/www.borgoargiano.com\/de\/wp-json\/wp\/v2\/pages\/12769","targetHints":{"allow":["GET"]}}],"collection":[{"href":"https:\/\/www.borgoargiano.com\/de\/wp-json\/wp\/v2\/pages"}],"about":[{"href":"https:\/\/www.borgoargiano.com\/de\/wp-json\/wp\/v2\/types\/page"}],"author":[{"embeddable":true,"href":"https:\/\/www.borgoargiano.com\/de\/wp-json\/wp\/v2\/users\/2"}],"replies":[{"embeddable":true,"href":"https:\/\/www.borgoargiano.com\/de\/wp-json\/wp\/v2\/comments?post=12769"}],"version-history":[{"count":6,"href":"https:\/\/www.borgoargiano.com\/de\/wp-json\/wp\/v2\/pages\/12769\/revisions"}],"predecessor-version":[{"id":12933,"href":"https:\/\/www.borgoargiano.com\/de\/wp-json\/wp\/v2\/pages\/12769\/revisions\/12933"}],"wp:attachment":[{"href":"https:\/\/www.borgoargiano.com\/de\/wp-json\/wp\/v2\/media?parent=12769"}],"curies":[{"name":"wp","href":"https:\/\/api.w.org\/{rel}","templated":true}]}}