{"id":12771,"date":"2016-06-11T02:34:37","date_gmt":"2016-06-11T01:34:37","guid":{"rendered":"https:\/\/www.borgoargiano.com\/standort\/"},"modified":"2018-11-26T11:50:54","modified_gmt":"2018-11-26T11:50:54","slug":"standort","status":"publish","type":"page","link":"https:\/\/www.borgoargiano.com\/de\/standort\/","title":{"rendered":"Standort"},"content":{"rendered":"<div class=\"wpb-content-wrapper\"><p>[vc_row css=&#8220;.vc_custom_1465617173609{margin-bottom: 80px !important;}&#8220;][vc_column offset=&#8220;vc_col-lg-8 vc_col-md-12 vc_col-xs-12&#8243;][vc_custom_heading text=&#8220;Im Herzen der Toskana &#8220; font_container=&#8220;tag:h3|font_size:28px|text_align:left|color:%235a292d|line_height:40px&#8220; google_fonts=&#8220;font_family:Playfair%20Display%3Aregular%2Citalic%2C700%2C700italic%2C900%2C900italic|font_style:400%20italic%3A400%3Aitalic&#8220; css=&#8220;.vc_custom_1517562277036{margin-bottom: 30px !important;}&#8220;][vc_column_text]Borgo Argiano liegt in dem kleinen Ort Argiano oberhalb des Dorfes Pianella nur 12 km von Siena entfernt. Unser Weingut ist ideal am Tor zu den H\u00fcgeln der Chianti Classico Region gelegen, wo Sie Weinberge sowie die sch\u00f6nen St\u00e4dte und D\u00f6rfer genie\u00dfen k\u00f6nnen, die den besten Weinen Italiens ihren Namen gegeben haben. Alternativ dazu sind Sie in nur 20 Minuten in der sch\u00f6nen mittelalterlichen Stadt Siena, die Sie mit ihren gepflasterten Stra\u00dfen, die von bunten Gesch\u00e4ften ges\u00e4umt sind, und sonnigen Piazzas mit vielen Restaurants begeistern wird.[\/vc_column_text][\/vc_column][vc_column offset=&#8220;vc_col-lg-4 vc_col-md-12 vc_col-xs-12&#8243;][vc_column_text css=&#8220;.vc_custom_1531401633909{padding-top: 20px !important;padding-right: 30px !important;padding-bottom: 40px !important;padding-left: 30px !important;background-color: #f9f9f9 !important;}&#8220;]<\/p>\n<section class=\"pbr-calltoaction vc_cta3-container \">\n<div class=\"vc_general vc_cta3 pbr-contact-information vc_cta3-style-custom vc_cta3-shape-square vc_cta3-align-left vc_cta3-icon-size-md\" style=\"background-color: rgba(255,255,255,0.01);\">\n<div class=\"vc_cta3_content-container\">\n<div class=\"vc_cta3-content\">\n<div class=\"vc_cta3-content-header\">\n<h4 class=\"vc_custom_heading\" style=\"font-size: 12px; color: #999999; line-height: 1; font-family: Lato; font-weight: 400; font-style: normal;\">ADDRESS<\/h4>\n<h2 class=\"vc_custom_heading\" style=\"font-size: 18px; color: #000000; line-height: 20px; font-family: Playfair Display; font-weight: 400; font-style: normal;\">Borgo Argiano, Localit\u00e0 Argiano 53019, Pianella, Castelnuovo Berardenga SI, Italy<\/h2>\n<\/div>\n<\/div>\n<\/div>\n<\/div>\n<\/section>\n<section class=\"pbr-calltoaction vc_cta3-container \">\n<div class=\"vc_general vc_cta3 pbr-contact-information vc_cta3-style-custom vc_cta3-shape-square vc_cta3-align-left vc_cta3-icon-size-md\" style=\"background-color: rgba(255,255,255,0.01);\">\n<div class=\"vc_cta3_content-container\">\n<div class=\"vc_cta3-content\">\n<div class=\"vc_cta3-content-header\">\n<h4 class=\"vc_custom_heading\" style=\"font-size: 12px; color: #999999; line-height: 1; font-family: Lato; font-weight: 400; font-style: normal;\">TELEPHONE<\/h4>\n<h2 class=\"vc_custom_heading\" style=\"font-size: 18px; color: #000000; line-height: 1; font-family: Playfair Display; font-weight: normal; font-style: normal;\">+39 0577 363535<\/h2>\n<\/div>\n<\/div>\n<\/div>\n<\/div>\n<\/section>\n<section class=\"pbr-calltoaction vc_cta3-container \">\n<div class=\"vc_general vc_cta3 pbr-contact-information vc_cta3-style-custom vc_cta3-shape-square vc_cta3-align-left vc_cta3-icon-size-md\" style=\"background-color: rgba(255,255,255,0.01);\">\n<div class=\"vc_cta3_content-container\">\n<div class=\"vc_cta3-content\">\n<div class=\"vc_cta3-content-header\">\n<h4 class=\"vc_custom_heading\" style=\"font-size: 12px; color: #999999; line-height: 1; font-family: Lato; font-weight: 400; font-style: normal;\">EMAIL<\/h4>\n<h2 class=\"vc_custom_heading\" style=\"font-size: 18px; color: #000000; line-height: 1; font-family: Playfair Display; font-weight: 400; font-style: normal;\">info@borgoargiano.com<\/h2>\n<\/div>\n<\/div>\n<\/div>\n<\/div>\n<\/section>\n<p>[\/vc_column_text][\/vc_column][\/vc_row][vc_row isfullwidth=&#8220;0&#8243; css=&#8220;.vc_custom_1465617989592{margin-bottom: 70px !important;}&#8220;][vc_column][vc_gmaps link=&#8220;#E-8_JTNDaWZyYW1lJTIwc3JjJTNEJTIyaHR0cHMlM0ElMkYlMkZ3d3cuZ29vZ2xlLmNvbSUyRm1hcHMlMkZlbWJlZCUzRnBiJTNEJTIxMW0xOCUyMTFtMTIlMjExbTMlMjExZDQ2NDIxLjQzMTEzODk1MDc4NiUyMTJkMTEuMzY2NzgwNTA1OTk5NjgzJTIxM2Q0My4zNDkwMDk3NzA0NjcwMSUyMTJtMyUyMTFmMCUyMTJmMCUyMTNmMCUyMTNtMiUyMTFpMTAyNCUyMTJpNzY4JTIxNGYxMy4xJTIxM20zJTIxMW0yJTIxMXMweDEzMmJkMjZkOTk1NjYwZDElMjUzQTB4MmQ4OGM0OTc5YWNmMjhkNCUyMTJzQm9yZ28lMkJBcmdpYW5vJTIxNWUwJTIxM20yJTIxMXNlbiUyMTJzdWslMjE0djE1MTc1NjU5NTgwNTAlMjIlMjB3aWR0aCUzRCUyMjEwMCUyNSUyMiUyMGhlaWdodCUzRCUyMjgwMCUyMiUyMGZyYW1lYm9yZGVyJTNEJTIyMCUyMiUyMHN0eWxlJTNEJTIyYm9yZGVyJTNBMCUyMiUyMGFsbG93ZnVsbHNjcmVlbiUzRSUzQyUyRmlmcmFtZSUzRQ==&#8220; size=&#8220;800&#8243;][\/vc_column][\/vc_row][vc_row][vc_column][pbr_title_heading title=&#8220;REISEINFORMATION &#8220; style=&#8220;style-2&#8243; text_align=&#8220;text-center&#8220;][\/vc_column][\/vc_row][vc_row][vc_column css=&#8220;.vc_custom_1517924267787{margin-bottom: 20px !important;}&#8220; offset=&#8220;vc_col-lg-4 vc_col-md-4 vc_col-xs-12&#8243;][vc_icon icon_fontawesome=&#8220;fa fa-plane&#8220; color=&#8220;custom&#8220; size=&#8220;lg&#8220; custom_color=&#8220;#c5a258&#8243; css=&#8220;.vc_custom_1517240836255{margin-bottom: 25px !important;}&#8220;][vc_custom_heading text=&#8220;N\u00e4chstgelegene Flugh\u00e4fen &#8220; font_container=&#8220;tag:h3|text_align:left|color:%23000000&#8243; use_theme_fonts=&#8220;yes&#8220;][vc_column_text]<strong>Perugia<\/strong>\u00a0&#8211; 1:30 Stunden<br \/>\n<strong>Pisa <\/strong>&#8211; 2:00 Stunden<br \/>\n<strong>Rome <\/strong>&#8211; 2:45 Stunden[\/vc_column_text][\/vc_column][vc_column css=&#8220;.vc_custom_1517924279130{margin-bottom: 20px !important;}&#8220; offset=&#8220;vc_col-lg-4 vc_col-md-4 vc_col-xs-12&#8243;][vc_icon icon_fontawesome=&#8220;fa fa-car&#8220; color=&#8220;custom&#8220; size=&#8220;lg&#8220; custom_color=&#8220;#c5a258&#8243; css=&#8220;.vc_custom_1517240841723{margin-bottom: 25px !important;margin-left: 10px !important;}&#8220;][vc_custom_heading text=&#8220;Mit dem Auto &#8220; font_container=&#8220;tag:h3|text_align:left|color:%23000000&#8243; use_theme_fonts=&#8220;yes&#8220;][vc_column_text]An allen wichtigen Flugh\u00e4fen gibt es eine Autovermietung. F\u00fcr die optimale Navigation: Borgo Argiano ist in Google Maps gelistet.[\/vc_column_text][\/vc_column][vc_column offset=&#8220;vc_col-lg-4 vc_col-md-4 vc_col-xs-12&#8243;][vc_icon icon_fontawesome=&#8220;fa fa-train&#8220; color=&#8220;custom&#8220; size=&#8220;lg&#8220; custom_color=&#8220;#c5a258&#8243; css=&#8220;.vc_custom_1517240857584{margin-bottom: 25px !important;}&#8220;][vc_custom_heading text=&#8220;Mit dem Zug &#8220; font_container=&#8220;tag:h3|text_align:left|color:%23000000&#8243; use_theme_fonts=&#8220;yes&#8220;][vc_column_text]Z\u00fcge sind in Italien sehr g\u00fcnstig und p\u00fcnktlich. Der Flughafen von Pisa ist jetzt mit einem Shuttle an den Hauptbahnhof angeschlossen und Siena kann mit einmal Umsteigen in Empoli erreicht werden. Wir k\u00f6nnen auch arrangieren, dass Sie vom Bahnhof in Siena abgeholt werden. F\u00fcr Ihren Aufenthalt in Borgo Argiano empfehlen wir Ihnen jedoch, einen Mietwagen zu nehmen, da es nur wenige Orte gibt, die zu Fu\u00df erreichbar sind \u2013 obwohl das Dorf Pianella mit Gesch\u00e4ft und Restaurant nur 2 km von uns entfernt ist.[\/vc_column_text][\/vc_column][\/vc_row][vc_row full_width=&#8220;stretch_row_content&#8220; isfullwidth=&#8220;0&#8243;][vc_column]<p>[vc_row full_width=\"stretch_row_content\" isfullwidth=\"0\"][vc_column][vc_empty_space height=\"40px\"][vc_gmaps link=\"#E-8_JTNDaWZyYW1lJTIwc3JjJTNEJTIyaHR0cHMlM0ElMkYlMkZ3d3cuZ29vZ2xlLmNvbSUyRm1hcHMlMkZlbWJlZCUzRnBiJTNEJTIxNHYxNTQzMjMxOTQzMzgxJTIxNm04JTIxMW03JTIxMXNDQW9TTEVGR01WRnBjRTU2YmpWd1QzWkdXbHA0VFVkR2JFTnNNbkpoVWxaeWIxVkdSRWRpZWs1eVNVeFlTVXRTJTIxMm0yJTIxMWQ0My4zNjI0MjA5MTQ2NzgxOSUyMTJkMTEuNDA3NjU4MDUwNzA1NzglMjEzZjEyOS4xOCUyMTRmMC4yOTAwMDAwMDAwMDAwMDYyNSUyMTVmMC43ODIwODY1OTc0NjI3NDY5JTIyJTIwd2lkdGglM0QlMjI2MDAlMjIlMjBoZWlnaHQlM0QlMjI4MDAlMjIlMjBmcmFtZWJvcmRlciUzRCUyMjAlMjIlMjBzdHlsZSUzRCUyMmJvcmRlciUzQTAlMjIlMjBhbGxvd2Z1bGxzY3JlZW4lM0UlM0MlMkZpZnJhbWUlM0U=\"][\/vc_column][\/vc_row]<\/p>\r\n[\/vc_column][\/vc_row][vc_row][vc_column]<p>[vc_row][vc_column width=\"1\/6\"][\/vc_column][vc_column width=\"2\/3\"][vc_empty_space height=\"120px\"][vc_custom_heading text=\"BORGO ARGIANO WINE RESORT\" font_container=\"tag:p|font_size:22px|text_align:center|color:%235a2a2d|line_height:24px\" google_fonts=\"font_family:Playfair%20Display%3Aregular%2Citalic%2C700%2C700italic%2C900%2C900italic|font_style:400%20regular%3A400%3Anormal\"][vc_custom_heading text=\"Casual luxury in the heart of Tuscany\" font_container=\"tag:p|font_size:36px|text_align:center|color:%23000000|line_height:46px\" google_fonts=\"font_family:Playfair%20Display%3Aregular%2Citalic%2C700%2C700italic%2C900%2C900italic|font_style:400%20italic%3A400%3Aitalic\" css=\".vc_custom_1531399227724{margin-bottom: 40px !important;}\"][vc_empty_space height=\"20px\"][vc_column_text el_class=\"text-center\"]<a class=\"btn btn-primary btn-md\" href=\"\/?page_id=9705\">EXPLORE OUR ROOMS<\/a>[\/vc_column_text][vc_empty_space height=\"120px\"][\/vc_column][vc_column width=\"1\/6\"][\/vc_column][\/vc_row]<\/p>\r\n[\/vc_column][\/vc_row]<\/p>\n<\/div>","protected":false},"excerpt":{"rendered":"<p>[vc_row css=&#8220;.vc_custom_1465617173609{margin-bottom: 80px !important;}&#8220;][vc_column offset=&#8220;vc_col-lg-8 vc_col-md-12 vc_col-xs-12&#8243;][vc_custom_heading text=&#8220;Im Herzen der Toskana &#8220; font_container=&#8220;tag:h3|font_size:28px|text_align:left|color:%235a292d|line_height:40px&#8220; google_fonts=&#8220;font_family:Playfair%20Display%3Aregular%2Citalic%2C700%2C700italic%2C900%2C900italic|font_style:400%20italic%3A400%3Aitalic&#8220; css=&#8220;.vc_custom_1517562277036{margin-bottom: 30px !important;}&#8220;][vc_column_text]Borgo Argiano liegt in dem kleinen Ort Argiano oberhalb des Dorfes Pianella nur 12 km von Siena entfernt. Unser Weingut ist ideal am Tor zu den H\u00fcgeln der Chianti Classico Region gelegen, wo Sie Weinberge sowie die sch\u00f6nen St\u00e4dte &hellip; <a href=\"https:\/\/www.borgoargiano.com\/de\/standort\/\" class=\"more-link\">Continue reading <span class=\"screen-reader-text\">Standort<\/span> <span class=\"meta-nav\">&rarr;<\/span><\/a><\/p>\n","protected":false},"author":2,"featured_media":0,"parent":0,"menu_order":0,"comment_status":"closed","ping_status":"closed","template":"","meta":{"footnotes":""},"class_list":["post-12771","page","type-page","status-publish","hentry"],"yoast_head":"<!-- This site is optimized with the Yoast SEO plugin v27.4 - https:\/\/yoast.com\/product\/yoast-seo-wordpress\/ -->\n<title>Lage und Wegbeschreibung zum Borgo Argiano<\/title>\n<meta name=\"description\" content=\"Borgo Argiano liegt in dem kleinen Ort Argiano oberhalb des Dorfes Pianella und nur 12 km von Siena entfernt. Sehen Sie sich den Standort und die Wegbeschreibung zu uns hier an.\" \/>\n<meta name=\"robots\" content=\"index, follow, max-snippet:-1, max-image-preview:large, max-video-preview:-1\" \/>\n<link rel=\"canonical\" href=\"https:\/\/www.borgoargiano.com\/de\/standort\/\" \/>\n<meta property=\"og:locale\" content=\"de_DE\" \/>\n<meta property=\"og:type\" content=\"article\" \/>\n<meta property=\"og:title\" content=\"Lage und Wegbeschreibung zum Borgo Argiano\" \/>\n<meta property=\"og:description\" content=\"Borgo Argiano liegt in dem kleinen Ort Argiano oberhalb des Dorfes Pianella und nur 12 km von Siena entfernt. Sehen Sie sich den Standort und die Wegbeschreibung zu uns hier an.\" \/>\n<meta property=\"og:url\" content=\"https:\/\/www.borgoargiano.com\/de\/standort\/\" \/>\n<meta property=\"og:site_name\" content=\"Borgo Argiano\" \/>\n<meta property=\"article:modified_time\" content=\"2018-11-26T11:50:54+00:00\" \/>\n<meta name=\"twitter:card\" content=\"summary_large_image\" \/>\n<meta name=\"twitter:label1\" content=\"Gesch\u00e4tzte Lesezeit\" \/>\n\t<meta name=\"twitter:data1\" content=\"3\u00a0Minuten\" \/>\n<script type=\"application\/ld+json\" class=\"yoast-schema-graph\">{\"@context\":\"https:\\\/\\\/schema.org\",\"@graph\":[{\"@type\":\"WebPage\",\"@id\":\"https:\\\/\\\/www.borgoargiano.com\\\/de\\\/standort\\\/\",\"url\":\"https:\\\/\\\/www.borgoargiano.com\\\/de\\\/standort\\\/\",\"name\":\"Lage und Wegbeschreibung zum Borgo Argiano\",\"isPartOf\":{\"@id\":\"https:\\\/\\\/www.borgoargiano.com\\\/en\\\/#website\"},\"datePublished\":\"2016-06-11T01:34:37+00:00\",\"dateModified\":\"2018-11-26T11:50:54+00:00\",\"description\":\"Borgo Argiano liegt in dem kleinen Ort Argiano oberhalb des Dorfes Pianella und nur 12 km von Siena entfernt. Sehen Sie sich den Standort und die Wegbeschreibung zu uns hier an.\",\"breadcrumb\":{\"@id\":\"https:\\\/\\\/www.borgoargiano.com\\\/de\\\/standort\\\/#breadcrumb\"},\"inLanguage\":\"de\",\"potentialAction\":[{\"@type\":\"ReadAction\",\"target\":[\"https:\\\/\\\/www.borgoargiano.com\\\/de\\\/standort\\\/\"]}]},{\"@type\":\"BreadcrumbList\",\"@id\":\"https:\\\/\\\/www.borgoargiano.com\\\/de\\\/standort\\\/#breadcrumb\",\"itemListElement\":[{\"@type\":\"ListItem\",\"position\":1,\"name\":\"Home\",\"item\":\"https:\\\/\\\/www.borgoargiano.com\\\/de\\\/\"},{\"@type\":\"ListItem\",\"position\":2,\"name\":\"Standort\"}]},{\"@type\":\"WebSite\",\"@id\":\"https:\\\/\\\/www.borgoargiano.com\\\/en\\\/#website\",\"url\":\"https:\\\/\\\/www.borgoargiano.com\\\/en\\\/\",\"name\":\"Borgo Argiano\",\"description\":\"Step into a tranquil oasis where relaxation is guaranteed\",\"potentialAction\":[{\"@type\":\"SearchAction\",\"target\":{\"@type\":\"EntryPoint\",\"urlTemplate\":\"https:\\\/\\\/www.borgoargiano.com\\\/en\\\/?s={search_term_string}\"},\"query-input\":{\"@type\":\"PropertyValueSpecification\",\"valueRequired\":true,\"valueName\":\"search_term_string\"}}],\"inLanguage\":\"de\"}]}<\/script>\n<!-- \/ Yoast SEO plugin. -->","yoast_head_json":{"title":"Lage und Wegbeschreibung zum Borgo Argiano","description":"Borgo Argiano liegt in dem kleinen Ort Argiano oberhalb des Dorfes Pianella und nur 12 km von Siena entfernt. Sehen Sie sich den Standort und die Wegbeschreibung zu uns hier an.","robots":{"index":"index","follow":"follow","max-snippet":"max-snippet:-1","max-image-preview":"max-image-preview:large","max-video-preview":"max-video-preview:-1"},"canonical":"https:\/\/www.borgoargiano.com\/de\/standort\/","og_locale":"de_DE","og_type":"article","og_title":"Lage und Wegbeschreibung zum Borgo Argiano","og_description":"Borgo Argiano liegt in dem kleinen Ort Argiano oberhalb des Dorfes Pianella und nur 12 km von Siena entfernt. Sehen Sie sich den Standort und die Wegbeschreibung zu uns hier an.","og_url":"https:\/\/www.borgoargiano.com\/de\/standort\/","og_site_name":"Borgo Argiano","article_modified_time":"2018-11-26T11:50:54+00:00","twitter_card":"summary_large_image","twitter_misc":{"Gesch\u00e4tzte Lesezeit":"3\u00a0Minuten"},"schema":{"@context":"https:\/\/schema.org","@graph":[{"@type":"WebPage","@id":"https:\/\/www.borgoargiano.com\/de\/standort\/","url":"https:\/\/www.borgoargiano.com\/de\/standort\/","name":"Lage und Wegbeschreibung zum Borgo Argiano","isPartOf":{"@id":"https:\/\/www.borgoargiano.com\/en\/#website"},"datePublished":"2016-06-11T01:34:37+00:00","dateModified":"2018-11-26T11:50:54+00:00","description":"Borgo Argiano liegt in dem kleinen Ort Argiano oberhalb des Dorfes Pianella und nur 12 km von Siena entfernt. Sehen Sie sich den Standort und die Wegbeschreibung zu uns hier an.","breadcrumb":{"@id":"https:\/\/www.borgoargiano.com\/de\/standort\/#breadcrumb"},"inLanguage":"de","potentialAction":[{"@type":"ReadAction","target":["https:\/\/www.borgoargiano.com\/de\/standort\/"]}]},{"@type":"BreadcrumbList","@id":"https:\/\/www.borgoargiano.com\/de\/standort\/#breadcrumb","itemListElement":[{"@type":"ListItem","position":1,"name":"Home","item":"https:\/\/www.borgoargiano.com\/de\/"},{"@type":"ListItem","position":2,"name":"Standort"}]},{"@type":"WebSite","@id":"https:\/\/www.borgoargiano.com\/en\/#website","url":"https:\/\/www.borgoargiano.com\/en\/","name":"Borgo Argiano","description":"Step into a tranquil oasis where relaxation is guaranteed","potentialAction":[{"@type":"SearchAction","target":{"@type":"EntryPoint","urlTemplate":"https:\/\/www.borgoargiano.com\/en\/?s={search_term_string}"},"query-input":{"@type":"PropertyValueSpecification","valueRequired":true,"valueName":"search_term_string"}}],"inLanguage":"de"}]}},"_links":{"self":[{"href":"https:\/\/www.borgoargiano.com\/de\/wp-json\/wp\/v2\/pages\/12771","targetHints":{"allow":["GET"]}}],"collection":[{"href":"https:\/\/www.borgoargiano.com\/de\/wp-json\/wp\/v2\/pages"}],"about":[{"href":"https:\/\/www.borgoargiano.com\/de\/wp-json\/wp\/v2\/types\/page"}],"author":[{"embeddable":true,"href":"https:\/\/www.borgoargiano.com\/de\/wp-json\/wp\/v2\/users\/2"}],"replies":[{"embeddable":true,"href":"https:\/\/www.borgoargiano.com\/de\/wp-json\/wp\/v2\/comments?post=12771"}],"version-history":[{"count":7,"href":"https:\/\/www.borgoargiano.com\/de\/wp-json\/wp\/v2\/pages\/12771\/revisions"}],"predecessor-version":[{"id":13024,"href":"https:\/\/www.borgoargiano.com\/de\/wp-json\/wp\/v2\/pages\/12771\/revisions\/13024"}],"wp:attachment":[{"href":"https:\/\/www.borgoargiano.com\/de\/wp-json\/wp\/v2\/media?parent=12771"}],"curies":[{"name":"wp","href":"https:\/\/api.w.org\/{rel}","templated":true}]}}