{"id":12777,"date":"2018-01-31T11:40:02","date_gmt":"2018-01-31T11:40:02","guid":{"rendered":"https:\/\/www.borgoargiano.com\/aktivitaten\/kulinarisches\/"},"modified":"2018-08-14T09:34:09","modified_gmt":"2018-08-14T08:34:09","slug":"kulinarisches","status":"publish","type":"page","link":"https:\/\/www.borgoargiano.com\/de\/aktivitaten\/kulinarisches\/","title":{"rendered":"Kulinarisches"},"content":{"rendered":"<div class=\"wpb-content-wrapper\"><p>[vc_row][vc_column width=&#8220;1\/12&#8243;][\/vc_column][vc_column width=&#8220;10\/12&#8243; el_class=&#8220;text-center&#8220;][vc_custom_heading text=&#8220;Wie die gesamte italienische K\u00fcche so basieren auch die meisten toskanischen Gerichte auf frischen, saisonalen Zutaten. &#8220; font_container=&#8220;tag:h3|text_align:center|color:%235a292d&#8220; google_fonts=&#8220;font_family:Playfair%20Display%3Aregular%2Citalic%2C700%2C700italic%2C900%2C900italic|font_style:400%20italic%3A400%3Aitalic&#8220; el_class=&#8220;entry-title&#8220;][\/vc_column][vc_column width=&#8220;1\/12&#8243;][\/vc_column][\/vc_row][vc_row full_width=&#8220;stretch_row&#8220; css=&#8220;.vc_custom_1517918347535{background-image: url(https:\/\/www.borgoargiano.com\/wp-content\/uploads\/2018\/02\/food-prepation-background.jpg?id=11088) !important;background-position: center !important;background-repeat: no-repeat !important;background-size: cover !important;}&#8220;][vc_column css=&#8220;.vc_custom_1517908736546{padding-top: 40px !important;padding-right: 40px !important;}&#8220; offset=&#8220;vc_col-lg-6 vc_col-md-12 vc_col-xs-12&#8243;][pbr_title_heading title=&#8220;DIE LIEBE ZUM ESSEN &#8220; style=&#8220;style-4&#8243;][vc_custom_heading text=&#8220;Wir bei Borgo Argiano sind der Meinung, dass Zeit zum Entspannen bedeutet, sich mit den vielen lokalen K\u00e4sesorten, Fr\u00fcchten, Gem\u00fcsen und Kr\u00e4utern zu besch\u00e4ftigen und aus ihnen liebevoll zubereitete Gerichte zu zaubern. &#8220; font_container=&#8220;tag:h5|font_size:18px|text_align:left|color:%235a292d|line_height:28px&#8220; google_fonts=&#8220;font_family:Playfair%20Display%3Aregular%2Citalic%2C700%2C700italic%2C900%2C900italic|font_style:400%20italic%3A400%3Aitalic&#8220; css=&#8220;.vc_custom_1517399144125{margin-bottom: 20px !important;}&#8220;][vc_column_text]Probieren Sie unser eigens gefertigtes Tenuta Cappellina Oliven\u00f6l und zu Ihrer Mahlzeit genie\u00dfen Sie nat\u00fcrlich eine Flasche Tenuta Cappellina Chianti Classico. <\/p>\n<p>Alle unsere Zimmer haben ma\u00dfgeschneiderte Luxusk\u00fcchen und wir hoffen, dass Sie w\u00e4hrend Ihres Aufenthalts k\u00f6stliche Gerichte zubereiten werden. Wenn Sie einen pers\u00f6nlichen Koch ben\u00f6tigen, k\u00f6nnen wir Ihnen diesen gerne zur Verf\u00fcgung stellen.[\/vc_column_text][\/vc_column][vc_column offset=&#8220;vc_col-lg-6 vc_hidden-md vc_hidden-sm vc_hidden-xs&#8220;][\/vc_column][\/vc_row][vc_row full_width=&#8220;stretch_row_content&#8220; isfullwidth=&#8220;0&#8243; css=&#8220;.vc_custom_1517245979092{background-position: center !important;background-repeat: no-repeat !important;background-size: cover !important;}&#8220;][vc_column offset=&#8220;vc_hidden-lg&#8220;][vc_single_image image=&#8220;11345&#8243; img_size=&#8220;full&#8220; css=&#8220;.vc_custom_1517908842365{margin-bottom: 0px !important;}&#8220;][\/vc_column][\/vc_row][vc_row full_width=&#8220;stretch_row_content&#8220; isfullwidth=&#8220;0&#8243; css=&#8220;.vc_custom_1517245979092{background-position: center !important;background-repeat: no-repeat !important;background-size: cover !important;}&#8220;][vc_column][vc_single_image image=&#8220;11086&#8243; img_size=&#8220;full&#8220; css=&#8220;.vc_custom_1517475745589{margin-bottom: 0px !important;}&#8220;][\/vc_column][\/vc_row][vc_row full_width=&#8220;stretch_row&#8220; css=&#8220;.vc_custom_1517918358959{background-image: url(https:\/\/www.borgoargiano.com\/wp-content\/uploads\/2018\/02\/food-view-background.jpg?id=11090) !important;background-position: center !important;background-repeat: no-repeat !important;background-size: cover !important;}&#8220;][vc_column css=&#8220;.vc_custom_1517908758555{padding-top: 40px !important;padding-right: 40px !important;}&#8220; offset=&#8220;vc_col-lg-6 vc_col-md-12 vc_col-xs-12&#8243;][pbr_title_heading title=&#8220;FRISCHE ZUTATEN &#8220; style=&#8220;style-4&#8243;][vc_custom_heading text=&#8220;Typische toskanische Gerichte basieren oft auf den frischen und lokalen Zutaten, die es auf dem Wochenmarkt zu kaufen gibt. Dadurch sind die Speisen sehr einfach zuzubereiten und enthalten nur wenige Zutaten. &#8220; font_container=&#8220;tag:h5|font_size:18px|text_align:left|color:%235a292d|line_height:28px&#8220; google_fonts=&#8220;font_family:Playfair%20Display%3Aregular%2Citalic%2C700%2C700italic%2C900%2C900italic|font_style:400%20italic%3A400%3Aitalic&#8220; css=&#8220;.vc_custom_1517399183627{margin-bottom: 20px !important;}&#8220;][vc_column_text]Obwohl das Essen schlicht sein kann, ist es reich an Geschmack und oft sehr s\u00e4ttigend. \u00dcbrigens: Die lokalen Restaurants servieren ihre Mahlzeiten zusammen mit dem regionalen Brot, ein schlichtes Wei\u00dfbrot, das ungesalzen ist. Diese Tradition f\u00fchrt auf das 16. Jahrhundert zur\u00fcck, als eine Salzsteuer erhoben wurde, mit der sich die Art und Weise ver\u00e4nderte, wie die Einheimischen ihr Brot zu backen pflegten. Diese Tradition des ungesalzenen Brotes hat sich fortgesetzt. So ist es vielleicht nicht das schmackhafteste Brot, doch seine wahre Funktion besteht ohnehin darin, \u00fcbriggebliebene Saucen auf Ihrem Teller aufzusaugen, wodurch das Brot genau den Geschmack erh\u00e4lt, den es ben\u00f6tigt![\/vc_column_text][\/vc_column][vc_column offset=&#8220;vc_col-lg-6 vc_hidden-md vc_hidden-sm vc_hidden-xs&#8220;][\/vc_column][\/vc_row][vc_row full_width=&#8220;stretch_row_content&#8220; isfullwidth=&#8220;0&#8243; css=&#8220;.vc_custom_1517245979092{background-position: center !important;background-repeat: no-repeat !important;background-size: cover !important;}&#8220;][vc_column offset=&#8220;vc_hidden-lg&#8220;][vc_single_image image=&#8220;11347&#8243; img_size=&#8220;full&#8220; css=&#8220;.vc_custom_1517908873665{margin-bottom: 0px !important;}&#8220;][\/vc_column][\/vc_row][vc_row full_width=&#8220;stretch_row_content&#8220; isfullwidth=&#8220;0&#8243; css=&#8220;.vc_custom_1517245979092{background-position: center !important;background-repeat: no-repeat !important;background-size: cover !important;}&#8220;][vc_column][vc_single_image image=&#8220;11092&#8243; img_size=&#8220;full&#8220; css=&#8220;.vc_custom_1517479734496{margin-bottom: 0px !important;}&#8220;][\/vc_column][\/vc_row][vc_row full_width=&#8220;stretch_row&#8220; css=&#8220;.vc_custom_1517918371936{background-image: url(https:\/\/www.borgoargiano.com\/wp-content\/uploads\/2018\/02\/food-pizza-background.jpg?id=11178) !important;background-position: center !important;background-repeat: no-repeat !important;background-size: cover !important;}&#8220;][vc_column css=&#8220;.vc_custom_1517908784830{padding-top: 40px !important;padding-right: 40px !important;}&#8220; offset=&#8220;vc_col-lg-6 vc_col-md-12 vc_col-xs-12&#8243;][pbr_title_heading title=&#8220;LOKALE K\u00dcCHE &#8220; style=&#8220;style-4&#8243;][vc_custom_heading text=&#8220;Wenn Sie m\u00f6chten, dass wir Ihnen einen Tisch in einem nahegelegenen Restaurant reservieren, k\u00f6nnen wir Ihnen einfache, typisch toskanische Speisen anbieten. In das Dorf am Fu\u00dfe des H\u00fcgels k\u00f6nnen Sie sogar zu Fu\u00df gehen \u2013 wir werden daf\u00fcr sorgen, dass sie zur\u00fcckgebracht werden. &#8220; font_container=&#8220;tag:h5|font_size:18px|text_align:left|color:%235a292d|line_height:28px&#8220; google_fonts=&#8220;font_family:Playfair%20Display%3Aregular%2Citalic%2C700%2C700italic%2C900%2C900italic|font_style:400%20italic%3A400%3Aitalic&#8220; css=&#8220;.vc_custom_1517480315732{margin-bottom: 20px !important;}&#8220;][vc_column_text]Alternativ gibt es viele gute Restaurants in der Umgebung, die f\u00fcr jeden Anspruch, bis hin zum Michelin-Stern-Restaurant, etwas im Angebot haben.[\/vc_column_text][\/vc_column][vc_column offset=&#8220;vc_col-lg-6 vc_hidden-md vc_hidden-sm vc_hidden-xs&#8220;][\/vc_column][\/vc_row][vc_row full_width=&#8220;stretch_row_content&#8220; isfullwidth=&#8220;0&#8243; css=&#8220;.vc_custom_1517245979092{background-position: center !important;background-repeat: no-repeat !important;background-size: cover !important;}&#8220;][vc_column offset=&#8220;vc_hidden-lg&#8220;][vc_single_image image=&#8220;11346&#8243; img_size=&#8220;full&#8220; css=&#8220;.vc_custom_1517908899197{margin-bottom: 0px !important;}&#8220;][\/vc_column][\/vc_row][vc_row][vc_column]<p>[vc_row][vc_column width=\"1\/6\"][\/vc_column][vc_column width=\"2\/3\"][vc_empty_space height=\"120px\"][vc_custom_heading text=\"BORGO ARGIANO BOUTIQUE-WEINRESORT\" font_container=\"tag:p|font_size:22px|text_align:center|color:%235a2a2d|line_height:24px\" google_fonts=\"font_family:Playfair%20Display%3Aregular%2Citalic%2C700%2C700italic%2C900%2C900italic|font_style:400%20regular%3A400%3Anormal\"][vc_custom_heading text=\"Ungezwungener Luxus im Herzen der Toskana\" font_container=\"tag:p|font_size:36px|text_align:center|color:%23000000|line_height:46px\" google_fonts=\"font_family:Playfair%20Display%3Aregular%2Citalic%2C700%2C700italic%2C900%2C900italic|font_style:400%20italic%3A400%3Aitalic\" css=\".vc_custom_1534235427226{margin-bottom: 40px !important;}\"][vc_empty_space height=\"20px\"][vc_column_text el_class=\"text-center\"]<a class=\"btn btn-primary btn-md\" href=\"\/?page_id=9705\">ZIMMER ANSEHEN<\/a>[\/vc_column_text][vc_empty_space height=\"120px\"][\/vc_column][vc_column width=\"1\/6\"][\/vc_column][\/vc_row]<\/p>\r\n[\/vc_column][\/vc_row]<\/p>\n<\/div>","protected":false},"excerpt":{"rendered":"<p>[vc_row][vc_column width=&#8220;1\/12&#8243;][\/vc_column][vc_column width=&#8220;10\/12&#8243; el_class=&#8220;text-center&#8220;][vc_custom_heading text=&#8220;Wie die gesamte italienische K\u00fcche so basieren auch die meisten toskanischen Gerichte auf frischen, saisonalen Zutaten. &#8220; font_container=&#8220;tag:h3|text_align:center|color:%235a292d&#8220; google_fonts=&#8220;font_family:Playfair%20Display%3Aregular%2Citalic%2C700%2C700italic%2C900%2C900italic|font_style:400%20italic%3A400%3Aitalic&#8220; el_class=&#8220;entry-title&#8220;][\/vc_column][vc_column width=&#8220;1\/12&#8243;][\/vc_column][\/vc_row][vc_row full_width=&#8220;stretch_row&#8220; css=&#8220;.vc_custom_1517918347535{background-image: url(https:\/\/www.borgoargiano.com\/wp-content\/uploads\/2018\/02\/food-prepation-background.jpg?id=11088) !important;background-position: center !important;background-repeat: no-repeat !important;background-size: cover !important;}&#8220;][vc_column css=&#8220;.vc_custom_1517908736546{padding-top: 40px !important;padding-right: 40px !important;}&#8220; offset=&#8220;vc_col-lg-6 vc_col-md-12 vc_col-xs-12&#8243;][pbr_title_heading title=&#8220;DIE LIEBE ZUM ESSEN &#8220; style=&#8220;style-4&#8243;][vc_custom_heading text=&#8220;Wir bei Borgo Argiano sind der &hellip; <a href=\"https:\/\/www.borgoargiano.com\/de\/aktivitaten\/kulinarisches\/\" class=\"more-link\">Continue reading <span class=\"screen-reader-text\">Kulinarisches<\/span> <span class=\"meta-nav\">&rarr;<\/span><\/a><\/p>\n","protected":false},"author":2,"featured_media":0,"parent":12760,"menu_order":0,"comment_status":"closed","ping_status":"closed","template":"","meta":{"footnotes":""},"class_list":["post-12777","page","type-page","status-publish","hentry"],"yoast_head":"<!-- This site is optimized with the Yoast SEO plugin v27.4 - https:\/\/yoast.com\/product\/yoast-seo-wordpress\/ -->\n<title>Regionale K\u00fcche und Hausmannskost im Borgo Argiano<\/title>\n<meta name=\"description\" content=\"Genie\u00dfen Sie die Zubereitung von frischen, toskanischen Speisen in Ihrer eigenen, handgefertigten K\u00fcche oder lassen Sie sich in einem der vielen lokalen Qualit\u00e4tsrestaurants verw\u00f6hnen. Mehr lesen...\" \/>\n<meta name=\"robots\" content=\"index, follow, max-snippet:-1, max-image-preview:large, max-video-preview:-1\" \/>\n<link rel=\"canonical\" href=\"https:\/\/www.borgoargiano.com\/de\/aktivitaten\/kulinarisches\/\" \/>\n<meta property=\"og:locale\" content=\"de_DE\" \/>\n<meta property=\"og:type\" content=\"article\" \/>\n<meta property=\"og:title\" content=\"Regionale K\u00fcche und Hausmannskost im Borgo Argiano\" \/>\n<meta property=\"og:description\" content=\"Genie\u00dfen Sie die Zubereitung von frischen, toskanischen Speisen in Ihrer eigenen, handgefertigten K\u00fcche oder lassen Sie sich in einem der vielen lokalen Qualit\u00e4tsrestaurants verw\u00f6hnen. Mehr lesen...\" \/>\n<meta property=\"og:url\" content=\"https:\/\/www.borgoargiano.com\/de\/aktivitaten\/kulinarisches\/\" \/>\n<meta property=\"og:site_name\" content=\"Borgo Argiano\" \/>\n<meta property=\"article:modified_time\" content=\"2018-08-14T08:34:09+00:00\" \/>\n<meta name=\"twitter:card\" content=\"summary_large_image\" \/>\n<meta name=\"twitter:label1\" content=\"Gesch\u00e4tzte Lesezeit\" \/>\n\t<meta name=\"twitter:data1\" content=\"5\u00a0Minuten\" \/>\n<script type=\"application\/ld+json\" class=\"yoast-schema-graph\">{\"@context\":\"https:\\\/\\\/schema.org\",\"@graph\":[{\"@type\":\"WebPage\",\"@id\":\"https:\\\/\\\/www.borgoargiano.com\\\/de\\\/aktivitaten\\\/kulinarisches\\\/\",\"url\":\"https:\\\/\\\/www.borgoargiano.com\\\/de\\\/aktivitaten\\\/kulinarisches\\\/\",\"name\":\"Regionale K\u00fcche und Hausmannskost im Borgo Argiano\",\"isPartOf\":{\"@id\":\"https:\\\/\\\/www.borgoargiano.com\\\/en\\\/#website\"},\"datePublished\":\"2018-01-31T11:40:02+00:00\",\"dateModified\":\"2018-08-14T08:34:09+00:00\",\"description\":\"Genie\u00dfen Sie die Zubereitung von frischen, toskanischen Speisen in Ihrer eigenen, handgefertigten K\u00fcche oder lassen Sie sich in einem der vielen lokalen Qualit\u00e4tsrestaurants verw\u00f6hnen. Mehr lesen...\",\"breadcrumb\":{\"@id\":\"https:\\\/\\\/www.borgoargiano.com\\\/de\\\/aktivitaten\\\/kulinarisches\\\/#breadcrumb\"},\"inLanguage\":\"de\",\"potentialAction\":[{\"@type\":\"ReadAction\",\"target\":[\"https:\\\/\\\/www.borgoargiano.com\\\/de\\\/aktivitaten\\\/kulinarisches\\\/\"]}]},{\"@type\":\"BreadcrumbList\",\"@id\":\"https:\\\/\\\/www.borgoargiano.com\\\/de\\\/aktivitaten\\\/kulinarisches\\\/#breadcrumb\",\"itemListElement\":[{\"@type\":\"ListItem\",\"position\":1,\"name\":\"Home\",\"item\":\"https:\\\/\\\/www.borgoargiano.com\\\/de\\\/\"},{\"@type\":\"ListItem\",\"position\":2,\"name\":\"Aktivit\u00e4ten\",\"item\":\"https:\\\/\\\/www.borgoargiano.com\\\/de\\\/aktivitaten\\\/\"},{\"@type\":\"ListItem\",\"position\":3,\"name\":\"Kulinarisches\"}]},{\"@type\":\"WebSite\",\"@id\":\"https:\\\/\\\/www.borgoargiano.com\\\/en\\\/#website\",\"url\":\"https:\\\/\\\/www.borgoargiano.com\\\/en\\\/\",\"name\":\"Borgo Argiano\",\"description\":\"Step into a tranquil oasis where relaxation is guaranteed\",\"potentialAction\":[{\"@type\":\"SearchAction\",\"target\":{\"@type\":\"EntryPoint\",\"urlTemplate\":\"https:\\\/\\\/www.borgoargiano.com\\\/en\\\/?s={search_term_string}\"},\"query-input\":{\"@type\":\"PropertyValueSpecification\",\"valueRequired\":true,\"valueName\":\"search_term_string\"}}],\"inLanguage\":\"de\"}]}<\/script>\n<!-- \/ Yoast SEO plugin. -->","yoast_head_json":{"title":"Regionale K\u00fcche und Hausmannskost im Borgo Argiano","description":"Genie\u00dfen Sie die Zubereitung von frischen, toskanischen Speisen in Ihrer eigenen, handgefertigten K\u00fcche oder lassen Sie sich in einem der vielen lokalen Qualit\u00e4tsrestaurants verw\u00f6hnen. Mehr lesen...","robots":{"index":"index","follow":"follow","max-snippet":"max-snippet:-1","max-image-preview":"max-image-preview:large","max-video-preview":"max-video-preview:-1"},"canonical":"https:\/\/www.borgoargiano.com\/de\/aktivitaten\/kulinarisches\/","og_locale":"de_DE","og_type":"article","og_title":"Regionale K\u00fcche und Hausmannskost im Borgo Argiano","og_description":"Genie\u00dfen Sie die Zubereitung von frischen, toskanischen Speisen in Ihrer eigenen, handgefertigten K\u00fcche oder lassen Sie sich in einem der vielen lokalen Qualit\u00e4tsrestaurants verw\u00f6hnen. Mehr lesen...","og_url":"https:\/\/www.borgoargiano.com\/de\/aktivitaten\/kulinarisches\/","og_site_name":"Borgo Argiano","article_modified_time":"2018-08-14T08:34:09+00:00","twitter_card":"summary_large_image","twitter_misc":{"Gesch\u00e4tzte Lesezeit":"5\u00a0Minuten"},"schema":{"@context":"https:\/\/schema.org","@graph":[{"@type":"WebPage","@id":"https:\/\/www.borgoargiano.com\/de\/aktivitaten\/kulinarisches\/","url":"https:\/\/www.borgoargiano.com\/de\/aktivitaten\/kulinarisches\/","name":"Regionale K\u00fcche und Hausmannskost im Borgo Argiano","isPartOf":{"@id":"https:\/\/www.borgoargiano.com\/en\/#website"},"datePublished":"2018-01-31T11:40:02+00:00","dateModified":"2018-08-14T08:34:09+00:00","description":"Genie\u00dfen Sie die Zubereitung von frischen, toskanischen Speisen in Ihrer eigenen, handgefertigten K\u00fcche oder lassen Sie sich in einem der vielen lokalen Qualit\u00e4tsrestaurants verw\u00f6hnen. Mehr lesen...","breadcrumb":{"@id":"https:\/\/www.borgoargiano.com\/de\/aktivitaten\/kulinarisches\/#breadcrumb"},"inLanguage":"de","potentialAction":[{"@type":"ReadAction","target":["https:\/\/www.borgoargiano.com\/de\/aktivitaten\/kulinarisches\/"]}]},{"@type":"BreadcrumbList","@id":"https:\/\/www.borgoargiano.com\/de\/aktivitaten\/kulinarisches\/#breadcrumb","itemListElement":[{"@type":"ListItem","position":1,"name":"Home","item":"https:\/\/www.borgoargiano.com\/de\/"},{"@type":"ListItem","position":2,"name":"Aktivit\u00e4ten","item":"https:\/\/www.borgoargiano.com\/de\/aktivitaten\/"},{"@type":"ListItem","position":3,"name":"Kulinarisches"}]},{"@type":"WebSite","@id":"https:\/\/www.borgoargiano.com\/en\/#website","url":"https:\/\/www.borgoargiano.com\/en\/","name":"Borgo Argiano","description":"Step into a tranquil oasis where relaxation is guaranteed","potentialAction":[{"@type":"SearchAction","target":{"@type":"EntryPoint","urlTemplate":"https:\/\/www.borgoargiano.com\/en\/?s={search_term_string}"},"query-input":{"@type":"PropertyValueSpecification","valueRequired":true,"valueName":"search_term_string"}}],"inLanguage":"de"}]}},"_links":{"self":[{"href":"https:\/\/www.borgoargiano.com\/de\/wp-json\/wp\/v2\/pages\/12777","targetHints":{"allow":["GET"]}}],"collection":[{"href":"https:\/\/www.borgoargiano.com\/de\/wp-json\/wp\/v2\/pages"}],"about":[{"href":"https:\/\/www.borgoargiano.com\/de\/wp-json\/wp\/v2\/types\/page"}],"author":[{"embeddable":true,"href":"https:\/\/www.borgoargiano.com\/de\/wp-json\/wp\/v2\/users\/2"}],"replies":[{"embeddable":true,"href":"https:\/\/www.borgoargiano.com\/de\/wp-json\/wp\/v2\/comments?post=12777"}],"version-history":[{"count":4,"href":"https:\/\/www.borgoargiano.com\/de\/wp-json\/wp\/v2\/pages\/12777\/revisions"}],"predecessor-version":[{"id":12936,"href":"https:\/\/www.borgoargiano.com\/de\/wp-json\/wp\/v2\/pages\/12777\/revisions\/12936"}],"up":[{"embeddable":true,"href":"https:\/\/www.borgoargiano.com\/de\/wp-json\/wp\/v2\/pages\/12760"}],"wp:attachment":[{"href":"https:\/\/www.borgoargiano.com\/de\/wp-json\/wp\/v2\/media?parent=12777"}],"curies":[{"name":"wp","href":"https:\/\/api.w.org\/{rel}","templated":true}]}}