{"id":12685,"date":"2018-01-31T11:40:12","date_gmt":"2018-01-31T11:40:12","guid":{"rendered":"https:\/\/www.borgoargiano.com\/activities\/cycling\/"},"modified":"2018-11-08T16:07:43","modified_gmt":"2018-11-08T16:07:43","slug":"ciclismo","status":"publish","type":"page","link":"https:\/\/www.borgoargiano.com\/it\/attivita\/ciclismo\/","title":{"rendered":"Ciclismo"},"content":{"rendered":"<div class=\"wpb-content-wrapper\"><p>[vc_row][vc_column width=&#8221;1\/12&#8243;][\/vc_column][vc_column width=&#8221;10\/12&#8243; el_class=&#8221;text-center&#8221;][vc_custom_heading text=&#8221;La Toscana \u00e8 diventata una meta preferita dai ciclisti e visti i bellissimi paesaggi collinari e i panorami dietro ogni angolo, non \u00e8 difficile capire perch\u00e9.&#8221; font_container=&#8221;tag:h3|text_align:center|color:%235a292d&#8221; google_fonts=&#8221;font_family:Playfair%20Display%3Aregular%2Citalic%2C700%2C700italic%2C900%2C900italic|font_style:400%20italic%3A400%3Aitalic&#8221; css=&#8221;.vc_custom_1518105567710{padding-right: 1px !important;}&#8221; el_class=&#8221;entry-title&#8221;][\/vc_column][vc_column width=&#8221;1\/12&#8243;][\/vc_column][\/vc_row][vc_row full_width=&#8221;stretch_row&#8221; css=&#8221;.vc_custom_1517918418515{background-image: url(https:\/\/www.borgoargiano.com\/wp-content\/uploads\/2018\/02\/cycling-vintage-background-2.jpg?id=11293) !important;background-position: center !important;background-repeat: no-repeat !important;background-size: cover !important;}&#8221;][vc_column css=&#8221;.vc_custom_1517907953361{padding-top: 40px !important;padding-right: 40px !important;}&#8221; offset=&#8221;vc_col-lg-6 vc_col-md-12 vc_col-xs-12&#8243;][pbr_title_heading title=&#8221;CICLISMO CLASSICO&#8221; style=&#8221;style-4&#8243;][vc_custom_heading text=&#8221;Le strade sterrate sono ormai famose per la famosa gara detta Strade Bianche, che si corre in primavera e ad ottobre, sulle stesse strade dell\u2019Eroica che si corre dal 1997.&#8221; font_container=&#8221;tag:h5|font_size:18px|text_align:left|color:%235a292d|line_height:28px&#8221; google_fonts=&#8221;font_family:Playfair%20Display%3Aregular%2Citalic%2C700%2C700italic%2C900%2C900italic|font_style:400%20italic%3A400%3Aitalic&#8221; css=&#8221;.vc_custom_1517399475977{margin-bottom: 20px !important;}&#8221;][vc_column_text]La partenza ed il traguardo sono nel comune di Gaiole in Chianti, e questa gara amatoriale \u00e8 un festival che celebra le biciclette d\u2019epoca, e gli entusiasti del \u201cretr\u00f2\u201d affollano le strade con i loro mezzi storici, indossando vestiti vintage per godersi una giornata celebrativa nella campagna toscana.[\/vc_column_text][\/vc_column][vc_column offset=&#8221;vc_col-lg-6 vc_hidden-md vc_hidden-sm vc_hidden-xs&#8221;][\/vc_column][\/vc_row][vc_row full_width=&#8221;stretch_row_content_no_spaces&#8221; isfullwidth=&#8221;0&#8243; css=&#8221;.vc_custom_1517908005358{background-position: center !important;background-repeat: no-repeat !important;background-size: cover !important;}&#8221;][vc_column offset=&#8221;vc_hidden-lg&#8221;][vc_single_image image=&#8221;11334&#8243; img_size=&#8221;full&#8221; css=&#8221;.vc_custom_1517908011494{margin-bottom: 0px !important;}&#8221;][\/vc_column][\/vc_row][vc_row full_width=&#8221;stretch_row_content&#8221; isfullwidth=&#8221;0&#8243; css=&#8221;.vc_custom_1517245979092{background-position: center !important;background-repeat: no-repeat !important;background-size: cover !important;}&#8221;][vc_column][vc_single_image image=&#8221;11107&#8243; img_size=&#8221;full&#8221; css=&#8221;.vc_custom_1517483317018{margin-bottom: 0px !important;}&#8221;][\/vc_column][\/vc_row][vc_row full_width=&#8221;stretch_row&#8221; css=&#8221;.vc_custom_1517918432035{background-image: url(https:\/\/www.borgoargiano.com\/wp-content\/uploads\/2018\/02\/cycling-vintage-background-1.jpg?id=11176) !important;background-position: center !important;background-repeat: no-repeat !important;background-size: cover !important;}&#8221;][vc_column css=&#8221;.vc_custom_1517908061540{padding-top: 40px !important;padding-right: 40px !important;}&#8221; offset=&#8221;vc_col-lg-6 vc_col-md-12 vc_col-xs-12&#8243;][pbr_title_heading title=&#8221;L\u2019EROICA&#8221; style=&#8221;style-4&#8243;][vc_custom_heading text=&#8221;Borgo Argiano si trova lungo il percorso dell\u2019Eroica ed \u00e8 una perfetta base per gli appassionati di ciclismo che possono provare le diverse opzioni, dal percorso Piccolo Chianti (km 46) al percorso lungo (km 209).&#8221; font_container=&#8221;tag:h5|font_size:18px|text_align:left|color:%235a292d|line_height:28px&#8221; google_fonts=&#8221;font_family:Playfair%20Display%3Aregular%2Citalic%2C700%2C700italic%2C900%2C900italic|font_style:400%20italic%3A400%3Aitalic&#8221; css=&#8221;.vc_custom_1517399502609{margin-bottom: 20px !important;}&#8221;][vc_column_text]Potete anche venire il primo weekend di ottobre e godervi lo spettacolo che si vede davanti all\u2019ingresso della Tenuta (non \u00e8 sempre un bel vedere in quanto siamo in cima ad una ripida salita!)<\/p>\n<p><a href=\"https:\/\/www.eroicagaiole.com\/routes\">www.eroicagaiole.com\/routes<\/a>[\/vc_column_text][\/vc_column][vc_column offset=&#8221;vc_col-lg-6 vc_hidden-md vc_hidden-sm vc_hidden-xs&#8221;][\/vc_column][\/vc_row][vc_row full_width=&#8221;stretch_row_content_no_spaces&#8221; isfullwidth=&#8221;0&#8243; css=&#8221;.vc_custom_1517908005358{background-position: center !important;background-repeat: no-repeat !important;background-size: cover !important;}&#8221;][vc_column offset=&#8221;vc_hidden-lg&#8221;][vc_single_image image=&#8221;11333&#8243; img_size=&#8221;full&#8221; css=&#8221;.vc_custom_1517908037400{margin-bottom: 0px !important;}&#8221;][\/vc_column][\/vc_row][vc_row][vc_column][vc_row][vc_column width=\"1\/6\"][\/vc_column][vc_column width=\"2\/3\"][vc_empty_space height=\"120px\"][vc_custom_heading text=\"BORGO ARGIANO WINE RESORT\" font_container=\"tag:p|font_size:22px|text_align:center|color:%235a2a2d|line_height:24px\" google_fonts=\"font_family:Playfair%20Display%3Aregular%2Citalic%2C700%2C700italic%2C900%2C900italic|font_style:400%20regular%3A400%3Anormal\"][vc_custom_heading text=\"Lusso casual nel cuore della Toscana\" font_container=\"tag:p|font_size:36px|text_align:center|color:%23000000|line_height:46px\" google_fonts=\"font_family:Playfair%20Display%3Aregular%2Citalic%2C700%2C700italic%2C900%2C900italic|font_style:400%20italic%3A400%3Aitalic\" css=\".vc_custom_1531399326098{margin-bottom: 40px !important;}\"][vc_empty_space height=\"20px\"][vc_column_text el_class=\"text-center\"]<a class=\"btn btn-primary btn-md\" href=\"\/?page_id=9705\">I NOSTRI APPARTAMENTI<\/a>[\/vc_column_text][vc_empty_space height=\"120px\"][\/vc_column][vc_column width=\"1\/6\"][\/vc_column][\/vc_row][\/vc_column][\/vc_row]<\/p>\n<\/div>","protected":false},"excerpt":{"rendered":"<p>[vc_row][vc_column width=&#8221;1\/12&#8243;][\/vc_column][vc_column width=&#8221;10\/12&#8243; el_class=&#8221;text-center&#8221;][vc_custom_heading text=&#8221;La Toscana \u00e8 diventata una meta preferita dai ciclisti e visti i bellissimi paesaggi collinari e i panorami dietro ogni angolo, non \u00e8 difficile capire perch\u00e9.&#8221; font_container=&#8221;tag:h3|text_align:center|color:%235a292d&#8221; google_fonts=&#8221;font_family:Playfair%20Display%3Aregular%2Citalic%2C700%2C700italic%2C900%2C900italic|font_style:400%20italic%3A400%3Aitalic&#8221; css=&#8221;.vc_custom_1518105567710{padding-right: 1px !important;}&#8221; el_class=&#8221;entry-title&#8221;][\/vc_column][vc_column width=&#8221;1\/12&#8243;][\/vc_column][\/vc_row][vc_row full_width=&#8221;stretch_row&#8221; css=&#8221;.vc_custom_1517918418515{background-image: url(https:\/\/www.borgoargiano.com\/wp-content\/uploads\/2018\/02\/cycling-vintage-background-2.jpg?id=11293) !important;background-position: center !important;background-repeat: no-repeat !important;background-size: cover !important;}&#8221;][vc_column css=&#8221;.vc_custom_1517907953361{padding-top: 40px !important;padding-right: 40px !important;}&#8221; offset=&#8221;vc_col-lg-6 vc_col-md-12 vc_col-xs-12&#8243;][pbr_title_heading &hellip; <a href=\"https:\/\/www.borgoargiano.com\/it\/attivita\/ciclismo\/\" class=\"more-link\">Continue reading <span class=\"screen-reader-text\">Ciclismo<\/span> <span class=\"meta-nav\">&rarr;<\/span><\/a><\/p>\n","protected":false},"author":2,"featured_media":0,"parent":12679,"menu_order":0,"comment_status":"closed","ping_status":"closed","template":"","meta":{"footnotes":""},"class_list":["post-12685","page","type-page","status-publish","hentry"],"yoast_head":"<!-- This site is optimized with the Yoast SEO plugin v27.3 - https:\/\/yoast.com\/product\/yoast-seo-wordpress\/ -->\n<title>Cycling in Tuscany and Seeing L&#039;eroica at Borgo Argiano<\/title>\n<meta name=\"description\" content=\"With the famous Eroica Italian cycle route passing right by our entrance, you are at the centre of Tuscany\u2019s famous white road cycling routes. See more here.\" \/>\n<meta name=\"robots\" content=\"index, follow, max-snippet:-1, max-image-preview:large, max-video-preview:-1\" \/>\n<link rel=\"canonical\" href=\"https:\/\/www.borgoargiano.com\/it\/attivita\/ciclismo\/\" \/>\n<meta property=\"og:locale\" content=\"it_IT\" \/>\n<meta property=\"og:type\" content=\"article\" \/>\n<meta property=\"og:title\" content=\"Cycling in Tuscany and Seeing L&#039;eroica at Borgo Argiano\" \/>\n<meta property=\"og:description\" content=\"With the famous Eroica Italian cycle route passing right by our entrance, you are at the centre of Tuscany\u2019s famous white road cycling routes. See more here.\" \/>\n<meta property=\"og:url\" content=\"https:\/\/www.borgoargiano.com\/it\/attivita\/ciclismo\/\" \/>\n<meta property=\"og:site_name\" content=\"Borgo Argiano\" \/>\n<meta property=\"article:modified_time\" content=\"2018-11-08T16:07:43+00:00\" \/>\n<meta name=\"twitter:card\" content=\"summary_large_image\" \/>\n<meta name=\"twitter:label1\" content=\"Tempo di lettura stimato\" \/>\n\t<meta name=\"twitter:data1\" content=\"3 minuti\" \/>\n<script type=\"application\/ld+json\" class=\"yoast-schema-graph\">{\"@context\":\"https:\\\/\\\/schema.org\",\"@graph\":[{\"@type\":\"WebPage\",\"@id\":\"https:\\\/\\\/www.borgoargiano.com\\\/it\\\/attivita\\\/ciclismo\\\/\",\"url\":\"https:\\\/\\\/www.borgoargiano.com\\\/it\\\/attivita\\\/ciclismo\\\/\",\"name\":\"Cycling in Tuscany and Seeing L'eroica at Borgo Argiano\",\"isPartOf\":{\"@id\":\"https:\\\/\\\/www.borgoargiano.com\\\/en\\\/#website\"},\"datePublished\":\"2018-01-31T11:40:12+00:00\",\"dateModified\":\"2018-11-08T16:07:43+00:00\",\"description\":\"With the famous Eroica Italian cycle route passing right by our entrance, you are at the centre of Tuscany\u2019s famous white road cycling routes. See more here.\",\"breadcrumb\":{\"@id\":\"https:\\\/\\\/www.borgoargiano.com\\\/it\\\/attivita\\\/ciclismo\\\/#breadcrumb\"},\"inLanguage\":\"it-IT\",\"potentialAction\":[{\"@type\":\"ReadAction\",\"target\":[\"https:\\\/\\\/www.borgoargiano.com\\\/it\\\/attivita\\\/ciclismo\\\/\"]}]},{\"@type\":\"BreadcrumbList\",\"@id\":\"https:\\\/\\\/www.borgoargiano.com\\\/it\\\/attivita\\\/ciclismo\\\/#breadcrumb\",\"itemListElement\":[{\"@type\":\"ListItem\",\"position\":1,\"name\":\"Home\",\"item\":\"https:\\\/\\\/www.borgoargiano.com\\\/it\\\/\"},{\"@type\":\"ListItem\",\"position\":2,\"name\":\"Attivit\u00e0\",\"item\":\"https:\\\/\\\/www.borgoargiano.com\\\/it\\\/attivita\\\/\"},{\"@type\":\"ListItem\",\"position\":3,\"name\":\"Ciclismo\"}]},{\"@type\":\"WebSite\",\"@id\":\"https:\\\/\\\/www.borgoargiano.com\\\/en\\\/#website\",\"url\":\"https:\\\/\\\/www.borgoargiano.com\\\/en\\\/\",\"name\":\"Borgo Argiano\",\"description\":\"Step into a tranquil oasis where relaxation is guaranteed\",\"potentialAction\":[{\"@type\":\"SearchAction\",\"target\":{\"@type\":\"EntryPoint\",\"urlTemplate\":\"https:\\\/\\\/www.borgoargiano.com\\\/en\\\/?s={search_term_string}\"},\"query-input\":{\"@type\":\"PropertyValueSpecification\",\"valueRequired\":true,\"valueName\":\"search_term_string\"}}],\"inLanguage\":\"it-IT\"}]}<\/script>\n<!-- \/ Yoast SEO plugin. -->","yoast_head_json":{"title":"Cycling in Tuscany and Seeing L'eroica at Borgo Argiano","description":"With the famous Eroica Italian cycle route passing right by our entrance, you are at the centre of Tuscany\u2019s famous white road cycling routes. See more here.","robots":{"index":"index","follow":"follow","max-snippet":"max-snippet:-1","max-image-preview":"max-image-preview:large","max-video-preview":"max-video-preview:-1"},"canonical":"https:\/\/www.borgoargiano.com\/it\/attivita\/ciclismo\/","og_locale":"it_IT","og_type":"article","og_title":"Cycling in Tuscany and Seeing L'eroica at Borgo Argiano","og_description":"With the famous Eroica Italian cycle route passing right by our entrance, you are at the centre of Tuscany\u2019s famous white road cycling routes. See more here.","og_url":"https:\/\/www.borgoargiano.com\/it\/attivita\/ciclismo\/","og_site_name":"Borgo Argiano","article_modified_time":"2018-11-08T16:07:43+00:00","twitter_card":"summary_large_image","twitter_misc":{"Tempo di lettura stimato":"3 minuti"},"schema":{"@context":"https:\/\/schema.org","@graph":[{"@type":"WebPage","@id":"https:\/\/www.borgoargiano.com\/it\/attivita\/ciclismo\/","url":"https:\/\/www.borgoargiano.com\/it\/attivita\/ciclismo\/","name":"Cycling in Tuscany and Seeing L'eroica at Borgo Argiano","isPartOf":{"@id":"https:\/\/www.borgoargiano.com\/en\/#website"},"datePublished":"2018-01-31T11:40:12+00:00","dateModified":"2018-11-08T16:07:43+00:00","description":"With the famous Eroica Italian cycle route passing right by our entrance, you are at the centre of Tuscany\u2019s famous white road cycling routes. See more here.","breadcrumb":{"@id":"https:\/\/www.borgoargiano.com\/it\/attivita\/ciclismo\/#breadcrumb"},"inLanguage":"it-IT","potentialAction":[{"@type":"ReadAction","target":["https:\/\/www.borgoargiano.com\/it\/attivita\/ciclismo\/"]}]},{"@type":"BreadcrumbList","@id":"https:\/\/www.borgoargiano.com\/it\/attivita\/ciclismo\/#breadcrumb","itemListElement":[{"@type":"ListItem","position":1,"name":"Home","item":"https:\/\/www.borgoargiano.com\/it\/"},{"@type":"ListItem","position":2,"name":"Attivit\u00e0","item":"https:\/\/www.borgoargiano.com\/it\/attivita\/"},{"@type":"ListItem","position":3,"name":"Ciclismo"}]},{"@type":"WebSite","@id":"https:\/\/www.borgoargiano.com\/en\/#website","url":"https:\/\/www.borgoargiano.com\/en\/","name":"Borgo Argiano","description":"Step into a tranquil oasis where relaxation is guaranteed","potentialAction":[{"@type":"SearchAction","target":{"@type":"EntryPoint","urlTemplate":"https:\/\/www.borgoargiano.com\/en\/?s={search_term_string}"},"query-input":{"@type":"PropertyValueSpecification","valueRequired":true,"valueName":"search_term_string"}}],"inLanguage":"it-IT"}]}},"_links":{"self":[{"href":"https:\/\/www.borgoargiano.com\/it\/wp-json\/wp\/v2\/pages\/12685","targetHints":{"allow":["GET"]}}],"collection":[{"href":"https:\/\/www.borgoargiano.com\/it\/wp-json\/wp\/v2\/pages"}],"about":[{"href":"https:\/\/www.borgoargiano.com\/it\/wp-json\/wp\/v2\/types\/page"}],"author":[{"embeddable":true,"href":"https:\/\/www.borgoargiano.com\/it\/wp-json\/wp\/v2\/users\/2"}],"replies":[{"embeddable":true,"href":"https:\/\/www.borgoargiano.com\/it\/wp-json\/wp\/v2\/comments?post=12685"}],"version-history":[{"count":3,"href":"https:\/\/www.borgoargiano.com\/it\/wp-json\/wp\/v2\/pages\/12685\/revisions"}],"predecessor-version":[{"id":12955,"href":"https:\/\/www.borgoargiano.com\/it\/wp-json\/wp\/v2\/pages\/12685\/revisions\/12955"}],"up":[{"embeddable":true,"href":"https:\/\/www.borgoargiano.com\/it\/wp-json\/wp\/v2\/pages\/12679"}],"wp:attachment":[{"href":"https:\/\/www.borgoargiano.com\/it\/wp-json\/wp\/v2\/media?parent=12685"}],"curies":[{"name":"wp","href":"https:\/\/api.w.org\/{rel}","templated":true}]}}